{"id":370,"date":"2019-09-16T08:16:26","date_gmt":"2019-09-16T08:16:26","guid":{"rendered":"http:\/\/www.jeanlouislaville.fr\/?page_id=370"},"modified":"2019-10-22T15:53:03","modified_gmt":"2019-10-22T15:53:03","slug":"mentions-legales","status":"publish","type":"page","link":"http:\/\/www.jeanlouislaville.fr\/index.php\/mentions-legales\/","title":{"rendered":"Mentions l\u00e9gales"},"content":{"rendered":"<p>[et_pb_section fb_built=\u00a0\u00bb1&Prime; _builder_version=\u00a0\u00bb3.22.7&Prime;][et_pb_row _builder_version=\u00a0\u00bb3.22.7&Prime;][et_pb_column type=\u00a0\u00bb4_4&Prime; _builder_version=\u00a0\u00bb3.22.7&Prime;][et_pb_text _builder_version=\u00a0\u00bb3.22.7&Prime;]<\/p>\n<p>Conception et graphisme : atelier Patrix, 99 rue de Vaugirard 75006 Paris.<br \/>D\u00e9veloppement : LePoleS, 11 all\u00e9e Saint-Exup\u00e9ry, 92390 Villeneuve-la-Garenne.<\/p>\n<p>Le nom de domaine jeanlouislaville.fr appartient \u00e0 Jean-Louis Laville.<\/p>\n<p><strong><\/strong><\/p>\n<div>\n<p>H\u00e9bergement du site <a href=\"http:\/\/www.jeanlouislaville.fr\">www.jeanlouislaville.fr<\/a> par la soci\u00e9t\u00e9 OVH, 2 rue Kellermann &#8211; 59100 Roubaix &#8211; France\u00a0<\/p>\n<\/div>\n<div>\n<h2><\/h2>\n<p>Les droits de propri\u00e9t\u00e9 intellectuelle aff\u00e9rent sau site jeanlouislaville.fr appartiennent \u00e0 Jean-Louis Laville. \u2028Toute utilisation, reproduction, diffusion, commercialisation, modification de toute ou partie du site,\u2028sans l\u2019autorisation de Jean-Louis Laville est prohib\u00e9e et pourra entra\u00een\u00e9e des actions\u2028 et poursuites judiciaires telles que notamment pr\u00e9vues par le code de la propri\u00e9t\u00e9 intellectuelle\u2028et\/ou le code civil.<\/p>\n<\/div>\n<p>[\/et_pb_text][\/et_pb_column][\/et_pb_row][\/et_pb_section]<\/p>\n","protected":false},"excerpt":{"rendered":"<p>Conception et graphisme : atelier Patrix, 99 rue de Vaugirard 75006 Paris.D\u00e9veloppement : LePoleS, 11 all\u00e9e Saint-Exup\u00e9ry, 92390 Villeneuve-la-Garenne. Le nom de domaine jeanlouislaville.fr appartient \u00e0 Jean-Louis Laville. H\u00e9bergement du site www.jeanlouislaville.fr par la soci\u00e9t\u00e9 OVH, 2 rue Kellermann &#8211; 59100 Roubaix &#8211; France\u00a0 Les droits de propri\u00e9t\u00e9 intellectuelle aff\u00e9rent sau site jeanlouislaville.fr appartiennent \u00e0 [&hellip;]<\/p>\n","protected":false},"author":2,"featured_media":0,"parent":0,"menu_order":0,"comment_status":"closed","ping_status":"closed","template":"","meta":{"_et_pb_use_builder":"on","_et_pb_old_content":"<!-- wp:divi\/placeholder \/-->","_et_gb_content_width":"","footnotes":"","twitterCardType":"","cardImageID":0,"cardImage":"","cardTitle":"","cardDesc":"","cardImageAlt":"","cardPlayer":"","cardPlayerWidth":0,"cardPlayerHeight":0,"cardPlayerStream":"","cardPlayerCodec":""},"yoast_head":"<!-- This site is optimized with the Yoast SEO plugin v21.9.1 - https:\/\/yoast.com\/wordpress\/plugins\/seo\/ -->\n<title>Mentions l\u00e9gales - Jean-Louis Laville<\/title>\n<meta name=\"robots\" content=\"index, follow, max-snippet:-1, max-image-preview:large, max-video-preview:-1\" \/>\n<link rel=\"canonical\" href=\"https:\/\/www.jeanlouislaville.fr\/index.php\/mentions-legales\/\" \/>\n<meta property=\"og:locale\" content=\"fr_FR\" \/>\n<meta property=\"og:type\" content=\"article\" \/>\n<meta property=\"og:title\" content=\"Mentions l\u00e9gales - Jean-Louis Laville\" \/>\n<meta property=\"og:description\" content=\"Conception et graphisme : atelier Patrix, 99 rue de Vaugirard 75006 Paris.D\u00e9veloppement : LePoleS, 11 all\u00e9e Saint-Exup\u00e9ry, 92390 Villeneuve-la-Garenne. Le nom de domaine jeanlouislaville.fr appartient \u00e0 Jean-Louis Laville. H\u00e9bergement du site www.jeanlouislaville.fr par la soci\u00e9t\u00e9 OVH, 2 rue Kellermann - 59100 Roubaix - France\u00a0 Les droits de propri\u00e9t\u00e9 intellectuelle aff\u00e9rent sau site jeanlouislaville.fr appartiennent \u00e0 [&hellip;]\" \/>\n<meta property=\"og:url\" content=\"https:\/\/www.jeanlouislaville.fr\/index.php\/mentions-legales\/\" \/>\n<meta property=\"og:site_name\" content=\"Jean-Louis Laville\" \/>\n<meta property=\"article:modified_time\" content=\"2019-10-22T15:53:03+00:00\" \/>\n<meta name=\"twitter:card\" content=\"summary_large_image\" \/>\n<meta name=\"twitter:site\" content=\"@jlLaville\" \/>\n<meta name=\"twitter:label1\" content=\"Dur\u00e9e de lecture estim\u00e9e\" \/>\n\t<meta name=\"twitter:data1\" content=\"1 minute\" \/>\n<script type=\"application\/ld+json\" class=\"yoast-schema-graph\">{\"@context\":\"https:\/\/schema.org\",\"@graph\":[{\"@type\":\"WebPage\",\"@id\":\"https:\/\/www.jeanlouislaville.fr\/index.php\/mentions-legales\/\",\"url\":\"https:\/\/www.jeanlouislaville.fr\/index.php\/mentions-legales\/\",\"name\":\"Mentions l\u00e9gales - Jean-Louis Laville\",\"isPartOf\":{\"@id\":\"https:\/\/www.jeanlouislaville.fr\/#website\"},\"datePublished\":\"2019-09-16T08:16:26+00:00\",\"dateModified\":\"2019-10-22T15:53:03+00:00\",\"breadcrumb\":{\"@id\":\"https:\/\/www.jeanlouislaville.fr\/index.php\/mentions-legales\/#breadcrumb\"},\"inLanguage\":\"fr-FR\",\"potentialAction\":[{\"@type\":\"ReadAction\",\"target\":[\"https:\/\/www.jeanlouislaville.fr\/index.php\/mentions-legales\/\"]}]},{\"@type\":\"BreadcrumbList\",\"@id\":\"https:\/\/www.jeanlouislaville.fr\/index.php\/mentions-legales\/#breadcrumb\",\"itemListElement\":[{\"@type\":\"ListItem\",\"position\":1,\"name\":\"Accueil\",\"item\":\"https:\/\/www.jeanlouislaville.fr\/\"},{\"@type\":\"ListItem\",\"position\":2,\"name\":\"Mentions l\u00e9gales\"}]},{\"@type\":\"WebSite\",\"@id\":\"https:\/\/www.jeanlouislaville.fr\/#website\",\"url\":\"https:\/\/www.jeanlouislaville.fr\/\",\"name\":\"Jean-Louis Laville\",\"description\":\"\u00c9conomie Sociale &amp; Solidaire\",\"publisher\":{\"@id\":\"https:\/\/www.jeanlouislaville.fr\/#organization\"},\"potentialAction\":[{\"@type\":\"SearchAction\",\"target\":{\"@type\":\"EntryPoint\",\"urlTemplate\":\"https:\/\/www.jeanlouislaville.fr\/?s={search_term_string}\"},\"query-input\":\"required name=search_term_string\"}],\"inLanguage\":\"fr-FR\"},{\"@type\":\"Organization\",\"@id\":\"https:\/\/www.jeanlouislaville.fr\/#organization\",\"name\":\"Jean-Louis Laville\",\"url\":\"https:\/\/www.jeanlouislaville.fr\/\",\"logo\":{\"@type\":\"ImageObject\",\"inLanguage\":\"fr-FR\",\"@id\":\"https:\/\/www.jeanlouislaville.fr\/#\/schema\/logo\/image\/\",\"url\":\"http:\/\/www.jeanlouislaville.fr\/wp-content\/uploads\/2019\/10\/logoResponsive.png\",\"contentUrl\":\"http:\/\/www.jeanlouislaville.fr\/wp-content\/uploads\/2019\/10\/logoResponsive.png\",\"width\":630,\"height\":93,\"caption\":\"Jean-Louis Laville\"},\"image\":{\"@id\":\"https:\/\/www.jeanlouislaville.fr\/#\/schema\/logo\/image\/\"},\"sameAs\":[\"https:\/\/twitter.com\/jlLaville\"]}]}<\/script>\n<!-- \/ Yoast SEO plugin. -->","yoast_head_json":{"title":"Mentions l\u00e9gales - Jean-Louis Laville","robots":{"index":"index","follow":"follow","max-snippet":"max-snippet:-1","max-image-preview":"max-image-preview:large","max-video-preview":"max-video-preview:-1"},"canonical":"https:\/\/www.jeanlouislaville.fr\/index.php\/mentions-legales\/","og_locale":"fr_FR","og_type":"article","og_title":"Mentions l\u00e9gales - Jean-Louis Laville","og_description":"Conception et graphisme : atelier Patrix, 99 rue de Vaugirard 75006 Paris.D\u00e9veloppement : LePoleS, 11 all\u00e9e Saint-Exup\u00e9ry, 92390 Villeneuve-la-Garenne. Le nom de domaine jeanlouislaville.fr appartient \u00e0 Jean-Louis Laville. H\u00e9bergement du site www.jeanlouislaville.fr par la soci\u00e9t\u00e9 OVH, 2 rue Kellermann - 59100 Roubaix - France\u00a0 Les droits de propri\u00e9t\u00e9 intellectuelle aff\u00e9rent sau site jeanlouislaville.fr appartiennent \u00e0 [&hellip;]","og_url":"https:\/\/www.jeanlouislaville.fr\/index.php\/mentions-legales\/","og_site_name":"Jean-Louis Laville","article_modified_time":"2019-10-22T15:53:03+00:00","twitter_card":"summary_large_image","twitter_site":"@jlLaville","twitter_misc":{"Dur\u00e9e de lecture estim\u00e9e":"1 minute"},"schema":{"@context":"https:\/\/schema.org","@graph":[{"@type":"WebPage","@id":"https:\/\/www.jeanlouislaville.fr\/index.php\/mentions-legales\/","url":"https:\/\/www.jeanlouislaville.fr\/index.php\/mentions-legales\/","name":"Mentions l\u00e9gales - Jean-Louis Laville","isPartOf":{"@id":"https:\/\/www.jeanlouislaville.fr\/#website"},"datePublished":"2019-09-16T08:16:26+00:00","dateModified":"2019-10-22T15:53:03+00:00","breadcrumb":{"@id":"https:\/\/www.jeanlouislaville.fr\/index.php\/mentions-legales\/#breadcrumb"},"inLanguage":"fr-FR","potentialAction":[{"@type":"ReadAction","target":["https:\/\/www.jeanlouislaville.fr\/index.php\/mentions-legales\/"]}]},{"@type":"BreadcrumbList","@id":"https:\/\/www.jeanlouislaville.fr\/index.php\/mentions-legales\/#breadcrumb","itemListElement":[{"@type":"ListItem","position":1,"name":"Accueil","item":"https:\/\/www.jeanlouislaville.fr\/"},{"@type":"ListItem","position":2,"name":"Mentions l\u00e9gales"}]},{"@type":"WebSite","@id":"https:\/\/www.jeanlouislaville.fr\/#website","url":"https:\/\/www.jeanlouislaville.fr\/","name":"Jean-Louis Laville","description":"\u00c9conomie Sociale &amp; Solidaire","publisher":{"@id":"https:\/\/www.jeanlouislaville.fr\/#organization"},"potentialAction":[{"@type":"SearchAction","target":{"@type":"EntryPoint","urlTemplate":"https:\/\/www.jeanlouislaville.fr\/?s={search_term_string}"},"query-input":"required name=search_term_string"}],"inLanguage":"fr-FR"},{"@type":"Organization","@id":"https:\/\/www.jeanlouislaville.fr\/#organization","name":"Jean-Louis Laville","url":"https:\/\/www.jeanlouislaville.fr\/","logo":{"@type":"ImageObject","inLanguage":"fr-FR","@id":"https:\/\/www.jeanlouislaville.fr\/#\/schema\/logo\/image\/","url":"http:\/\/www.jeanlouislaville.fr\/wp-content\/uploads\/2019\/10\/logoResponsive.png","contentUrl":"http:\/\/www.jeanlouislaville.fr\/wp-content\/uploads\/2019\/10\/logoResponsive.png","width":630,"height":93,"caption":"Jean-Louis Laville"},"image":{"@id":"https:\/\/www.jeanlouislaville.fr\/#\/schema\/logo\/image\/"},"sameAs":["https:\/\/twitter.com\/jlLaville"]}]}},"_links":{"self":[{"href":"http:\/\/www.jeanlouislaville.fr\/index.php\/wp-json\/wp\/v2\/pages\/370"}],"collection":[{"href":"http:\/\/www.jeanlouislaville.fr\/index.php\/wp-json\/wp\/v2\/pages"}],"about":[{"href":"http:\/\/www.jeanlouislaville.fr\/index.php\/wp-json\/wp\/v2\/types\/page"}],"author":[{"embeddable":true,"href":"http:\/\/www.jeanlouislaville.fr\/index.php\/wp-json\/wp\/v2\/users\/2"}],"replies":[{"embeddable":true,"href":"http:\/\/www.jeanlouislaville.fr\/index.php\/wp-json\/wp\/v2\/comments?post=370"}],"version-history":[{"count":6,"href":"http:\/\/www.jeanlouislaville.fr\/index.php\/wp-json\/wp\/v2\/pages\/370\/revisions"}],"predecessor-version":[{"id":2141,"href":"http:\/\/www.jeanlouislaville.fr\/index.php\/wp-json\/wp\/v2\/pages\/370\/revisions\/2141"}],"wp:attachment":[{"href":"http:\/\/www.jeanlouislaville.fr\/index.php\/wp-json\/wp\/v2\/media?parent=370"}],"curies":[{"name":"wp","href":"https:\/\/api.w.org\/{rel}","templated":true}]}}