{"id":36,"date":"2019-09-12T09:23:17","date_gmt":"2019-09-12T09:23:17","guid":{"rendered":"http:\/\/www.jeanlouislaville.fr\/?page_id=36"},"modified":"2022-09-28T08:46:44","modified_gmt":"2022-09-28T08:46:44","slug":"sociologie-economique","status":"publish","type":"page","link":"http:\/\/www.jeanlouislaville.fr\/index.php\/sociologie-economique\/","title":{"rendered":"Sociologie \u00e9conomique"},"content":{"rendered":"<p>[et_pb_section fb_built=\u00a0\u00bb1&Prime; specialty=\u00a0\u00bbon\u00a0\u00bb background_color_2=\u00a0\u00bb#E3DBD8&Prime; _builder_version=\u00a0\u00bb3.22.7&Prime;][et_pb_column type=\u00a0\u00bb2_3&Prime; specialty_columns=\u00a0\u00bb2&Prime; _builder_version=\u00a0\u00bb3.0.47&Prime;][et_pb_row_inner _builder_version=\u00a0\u00bb3.22.7&Prime;][et_pb_column_inner type=\u00a0\u00bb4_4&Prime; saved_specialty_column_type=\u00a0\u00bb2_3&Prime; _builder_version=\u00a0\u00bb3.0.47&Prime;][et_pb_text _builder_version=\u00a0\u00bb3.22.7&Prime; header_font=\u00a0\u00bb||||||||\u00a0\u00bb header_font_size=\u00a0\u00bb20px\u00a0\u00bb]<\/p>\n<h1><strong>Sociologie \u00e9conomique<\/strong><\/h1>\n<p>[\/et_pb_text][et_pb_text _builder_version=\u00a0\u00bb3.22.7&Prime; custom_margin=\u00a0\u00bb-21px|||||\u00a0\u00bb]<\/p>\n<p style=\"text-align: justify;\">La naissance de la sociologie est indissociable de l\u2019av\u00e8nement de la modernit\u00e9 d\u00e9mocratique et de la r\u00e9volution industrielle qui ont engendr\u00e9 une r\u00e9flexion fondamentale de la part des auteurs classiques sur les relations entre \u00e9conomie et soci\u00e9t\u00e9. Confront\u00e9e aux mutations contemporaines, cette orientation de recherche retrouve une actualit\u00e9 qui se manifeste par le renouveau de la sociologie \u00e9conomique que l\u2019on peut d\u00e9finir comme la perspective sociologique appliqu\u00e9e aux faits \u00e9conomiques.<\/p>\n<p style=\"text-align: justify;\">Face \u00e0 une d\u00e9finition restrictive qui identifie l\u2019activit\u00e9 \u00e9conomique au fait d\u2019\u00e9conomiser, les sociologues insistent sur la diversit\u00e9 de l\u2019&amp;activit\u00e9 \u00e9conomique organis\u00e9e selon des normes diff\u00e9rentes dans l\u2019espace et le temps, influenc\u00e9s par des institutions \u00e9conomiques et non \u00e9conomiques. Cette formulation est prolong\u00e9e par Polanyi, quand il distingue les significations formelle et substantive de l\u2019\u00e9conomie. L\u2019\u00e9conomie formelle d\u00e9signe le choix rationnel op\u00e9r\u00e9 sous conditions de raret\u00e9 alors que l\u2019\u00e9conomie substantive d\u00e9signe l\u2019ensemble des actions d\u00e9riv\u00e9es de la d\u00e9pendance de l\u2019homme vis-\u00e0-vis de la nature et de ses semblables. Dans l\u2019acception formelle de l\u2019\u00e9conomie, l\u2019acteur opte pour des usages alternatifs de moyens rares alors que sans l\u2019acception substantive la signification de l\u2019action est construite historiquement et doit \u00eatre recherch\u00e9e empiriquement.<\/p>\n<p style=\"text-align: justify;\">La sociologie \u00e9conomique, selon le terme utilis\u00e9 par exemple par Durkheim et Webern \u00e9merge donc pour se d\u00e9marquer d\u2019un paradigme n\u00e9o-classique dans lequel les pr\u00e9f\u00e9rences de l\u2019individu comme les moyens dont il dispose sont consid\u00e9r\u00e9s comme des donn\u00e9es et dans lequel ses comportements rel\u00e8vent d\u2019une action individuelle int\u00e9ress\u00e9e. Sans nier la rationalit\u00e9 utilitaire, il s\u2019agit de l\u2019englober dans une acception de l\u2019\u00e9conomie qui ne s\u2019y r\u00e9duit pas et d\u2019affirmer que l\u2019activit\u00e9 \u00e9conomique peut \u00eatre \u00e9tudi\u00e9e comme une activit\u00e9 sociale. Il est possible de dire que la sociologie \u00e9conomique se caract\u00e9rise en particulier par une ouverture plus large que l\u2019\u00e9conomie orthodoxe sur au moins trois registres\u00a0: approche de l\u2019action \u00e9conomique, conception de l\u2019acteur, relation \u00e0 la soci\u00e9t\u00e9.<\/p>\n<p>[\/et_pb_text][\/et_pb_column_inner][\/et_pb_row_inner][et_pb_row_inner background_color_1=\u00a0\u00bb#826a61&Prime; background_color_2=\u00a0\u00bb#826a61&Prime; _builder_version=\u00a0\u00bb3.22.7&Prime;][et_pb_column_inner type=\u00a0\u00bb1_2&Prime; saved_specialty_column_type=\u00a0\u00bb2_3&Prime; _builder_version=\u00a0\u00bb3.0.47&Prime;][et_pb_code _builder_version=\u00a0\u00bb3.22.7&Prime; width=\u00a0\u00bb100%\u00a0\u00bb module_alignment=\u00a0\u00bbleft\u00a0\u00bb link_option_url=\u00a0\u00bbhttp:\/\/www.jeanlouislaville.fr\/index.php\/sociologie-economique-les-ouvrages\/\u00a0\u00bb]<!-- [et_pb_line_break_holder] -->  <\/p>\n<div class=\"w3-card-4\" style=\"width:100%\"><!-- [et_pb_line_break_holder] -->    <img decoding=\"async\" src=\"http:\/\/www.jeanlouislaville.fr\/wp-content\/uploads\/2019\/09\/ouvrages.jpg\" alt=\"les ouvrages\" style=\"width:100%\"><!-- [et_pb_line_break_holder] -->    <\/p>\n<div class=\"w3-container\"><!-- [et_pb_line_break_holder] -->      <\/p>\n<h5 style=\"color:#fff\";><b style=\"padding-left:90px\">Les ouvrages<\/b><\/h5>\n<p><!-- [et_pb_line_break_holder] --><!-- [et_pb_line_break_holder] -->    <\/div>\n<p><!-- [et_pb_line_break_holder] -->  <\/div>\n<p>[\/et_pb_code][\/et_pb_column_inner][et_pb_column_inner type=\u00a0\u00bb1_2&Prime; saved_specialty_column_type=\u00a0\u00bb2_3&Prime; _builder_version=\u00a0\u00bb3.0.47&Prime;][et_pb_code _builder_version=\u00a0\u00bb3.22.7&Prime; width=\u00a0\u00bb100%\u00a0\u00bb module_alignment=\u00a0\u00bbleft\u00a0\u00bb link_option_url=\u00a0\u00bbhttp:\/\/www.jeanlouislaville.fr\/index.php\/sociologie-economique-les-articles\/\u00a0\u00bb]<!-- [et_pb_line_break_holder] -->  <\/p>\n<div class=\"w3-card-4\" style=\"width:100%\"><!-- [et_pb_line_break_holder] -->    <img decoding=\"async\" src=\"http:\/\/www.jeanlouislaville.fr\/wp-content\/uploads\/2019\/09\/articles.jpg\" alt=\"les articles\" style=\"width:100%\"><!-- [et_pb_line_break_holder] -->    <\/p>\n<div class=\"w3-container\"><!-- [et_pb_line_break_holder] -->      <\/p>\n<h5 style=\"color:#fff\";><b style=\"padding-left:90px\">Les articles<\/b><\/h5>\n<p><!-- [et_pb_line_break_holder] --><!-- [et_pb_line_break_holder] -->    <\/div>\n<p><!-- [et_pb_line_break_holder] -->  <\/div>\n<p>[\/et_pb_code][\/et_pb_column_inner][\/et_pb_row_inner][et_pb_row_inner background_color_1=\u00a0\u00bb#826a61&Prime; background_color_2=\u00a0\u00bb#826a61&Prime; _builder_version=\u00a0\u00bb3.22.7&Prime;][et_pb_column_inner type=\u00a0\u00bb1_2&Prime; saved_specialty_column_type=\u00a0\u00bb2_3&Prime; _builder_version=\u00a0\u00bb3.0.47&Prime;][et_pb_code _builder_version=\u00a0\u00bb3.22.7&Prime; width=\u00a0\u00bb100%\u00a0\u00bb module_alignment=\u00a0\u00bbleft\u00a0\u00bb link_option_url=\u00a0\u00bbhttp:\/\/www.jeanlouislaville.fr\/index.php\/sociologie-economique-les-chapitres\/\u00a0\u00bb]<!-- [et_pb_line_break_holder] -->  <\/p>\n<div class=\"w3-card-4\" style=\"width:100%\"><!-- [et_pb_line_break_holder] -->    <img decoding=\"async\" src=\"http:\/\/www.jeanlouislaville.fr\/wp-content\/uploads\/2019\/09\/chapitre-1.jpg\" alt=\"les chapitres\" style=\"width:100%\"><!-- [et_pb_line_break_holder] -->    <\/p>\n<div class=\"w3-container\"><!-- [et_pb_line_break_holder] -->      <\/p>\n<h5 style=\"color:#fff\";><b style=\"padding-left:90px\">Les chapitres<\/b><\/h5>\n<p><!-- [et_pb_line_break_holder] --><!-- [et_pb_line_break_holder] -->    <\/div>\n<p><!-- [et_pb_line_break_holder] -->  <\/div>\n<p>[\/et_pb_code][\/et_pb_column_inner][et_pb_column_inner type=\u00a0\u00bb1_2&Prime; saved_specialty_column_type=\u00a0\u00bb2_3&Prime; _builder_version=\u00a0\u00bb3.0.47&Prime;][et_pb_code _builder_version=\u00a0\u00bb3.22.7&Prime; width=\u00a0\u00bb100%\u00a0\u00bb module_alignment=\u00a0\u00bbleft\u00a0\u00bb link_option_url=\u00a0\u00bbhttp:\/\/www.jeanlouislaville.fr\/index.php\/sociologie-economique-les-revues\/\u00a0\u00bb]<!-- [et_pb_line_break_holder] -->  <\/p>\n<div class=\"w3-card-4\" style=\"width:100%\"><!-- [et_pb_line_break_holder] -->    <img decoding=\"async\" src=\"http:\/\/www.jeanlouislaville.fr\/wp-content\/uploads\/2019\/09\/revues.jpg\" alt=\"les revues\" style=\"width:100%\"><!-- [et_pb_line_break_holder] -->    <\/p>\n<div class=\"w3-container\"><!-- [et_pb_line_break_holder] -->      <\/p>\n<h5 style=\"color:#fff\";><b style=\"padding-left:90px\">Les revues<\/b><\/h5>\n<p><!-- [et_pb_line_break_holder] --><!-- [et_pb_line_break_holder] -->    <\/div>\n<p><!-- [et_pb_line_break_holder] -->  <\/div>\n<p>[\/et_pb_code][\/et_pb_column_inner][\/et_pb_row_inner][et_pb_row_inner _builder_version=\u00a0\u00bb3.22.7&Prime;][et_pb_column_inner type=\u00a0\u00bb4_4&Prime; saved_specialty_column_type=\u00a0\u00bb2_3&Prime; _builder_version=\u00a0\u00bb3.0.47&Prime;][et_pb_text _builder_version=\u00a0\u00bb3.22.7&Prime; text_font=\u00a0\u00bb||||||||\u00a0\u00bb text_font_size=\u00a0\u00bb12px\u00a0\u00bb text_line_height=\u00a0\u00bb0em\u00a0\u00bb header_font=\u00a0\u00bb||||||||\u00a0\u00bb header_2_font=\u00a0\u00bb||||||||\u00a0\u00bb header_3_font=\u00a0\u00bb||||||||\u00a0\u00bb header_3_font_size=\u00a0\u00bb18px\u00a0\u00bb]<\/p>\n<h3 style=\"text-align: center;\"><strong>Partenaires<br \/><\/strong><\/h3>\n<p style=\"text-align: center;\"><span style=\"color: #000000;\"><a href=\"#\" style=\"color: #000000;\"> <br \/><\/a><\/span><\/p>\n<p>[\/et_pb_text][\/et_pb_column_inner][\/et_pb_row_inner][\/et_pb_column][et_pb_column type=\u00a0\u00bb1_3&Prime; _builder_version=\u00a0\u00bb3.0.47&Prime;][et_pb_code disabled_on=\u00a0\u00bbon|on|off\u00a0\u00bb _builder_version=\u00a0\u00bb3.22.7&Prime; custom_margin=\u00a0\u00bb40px|20px|50px|20px\u00a0\u00bb custom_padding=\u00a0\u00bb0px|0px|50px|0px\u00a0\u00bb]<div style=\"display:block;width:100%;float:left;overflow:hidden\">\r\n\t<a class=\"twitter-timeline\" data-dnt=\"true\"\r\n\t\thref=\"https:\/\/twitter.com\/@jlLaville\"\r\n\t\tmin-width=\"\"\r\n\t\theight=\"594\"\r\n\t\tdata-theme=\"light\"\r\n\t\tdata-lang=\"fr\"\r\n\t\tdata-cards=\"hidden\"><\/a>\r\n\r\n<\/div> \r\n<div style=\"clear: both;\"><\/div>\r\n\t[\/et_pb_code][et_pb_text disabled_on=\u00a0\u00bbon|on|off\u00a0\u00bb _builder_version=\u00a0\u00bb3.22.7&Prime; text_font=\u00a0\u00bb||||||||\u00a0\u00bb text_font_size=\u00a0\u00bb12px\u00a0\u00bb text_line_height=\u00a0\u00bb1.6em\u00a0\u00bb custom_margin=\u00a0\u00bb|20px||20px\u00a0\u00bb custom_padding=\u00a0\u00bb50px|0px|30px|0px\u00a0\u00bb]<\/p>\n<p style=\"text-align: justify;\"><strong><span style=\"color: #a6908b;\">Jean-Louis Laville<\/span><\/strong><\/p>\n<p>Jean-Louis Laville est professeur du Conservatoire National des Arts et M\u00e9tiers \u00e0 Paris (Cnam), o\u00f9 il est titulaire de la Chaire \u00ab \u00c9conomie Solidaire \u00bb. Il est \u00e9galement chercheur au Lise (Laboratoire interdisciplinaire pour la sociologie \u00e9conomique, CNRS-Cnam), \u00e0 l\u2019IFRIS (Institut Francilien Recherche Innovation Soci\u00e9t\u00e9) et au Coll\u00e8ge d\u2019\u00e9tudes mondiales \u2013 Fondation Maison des Sciences de l\u2019Homme o\u00f9 il dirige le programme d\u2019\u00e9tudes \u00ab D\u00e9mocratie et \u00e9conomie plurielles \u00bb.<br \/>Impliqu\u00e9 dans de nombreux r\u00e9seaux de recherche internationaux, il est membre du conseil d\u2019administration du Karl Polanyi Institute of Political Economy, membre fondateur du r\u00e9seau europ\u00e9en EMES (qui \u00e9tudie l\u2019\u00e9conomie solidaire, l\u2019\u00e9conomie sociale, le tiers secteur, l\u2019entreprise sociale) et du r\u00e9seau sud-am\u00e9ricain RILESS (R\u00e9seau de Chercheurs Latino-am\u00e9ricains sur l\u2019\u00c9conomie Sociale et Solidaire).<br \/>Il est r\u00e9guli\u00e8rement invit\u00e9 dans plusieurs universit\u00e9s (Barcelone, Buenos Aires, Quito, Louvain-la-Neuve, Porto Alegre, Salvador de Bahia\u2026) et est associ\u00e9 \u00e0 des laboratoires de recherche \u00e9trangers tels que le CRIDIS (Centre de Recherche Interdisciplinaire, Louvain-la-Neuve) et le CRISES (Centre de recherche sur les innovations sociales, Montr\u00e9al).<\/p>\n<p>[\/et_pb_text][\/et_pb_column][\/et_pb_section]<\/p>\n","protected":false},"excerpt":{"rendered":"<p>Sociologie \u00e9conomiqueLa naissance de la sociologie est indissociable de l\u2019av\u00e8nement de la modernit\u00e9 d\u00e9mocratique et de la r\u00e9volution industrielle qui ont engendr\u00e9 une r\u00e9flexion fondamentale de la part des auteurs classiques sur les relations entre \u00e9conomie et soci\u00e9t\u00e9. Confront\u00e9e aux mutations contemporaines, cette orientation de recherche retrouve une actualit\u00e9 qui se manifeste par le renouveau [&hellip;]<\/p>\n","protected":false},"author":2,"featured_media":0,"parent":0,"menu_order":0,"comment_status":"closed","ping_status":"closed","template":"","meta":{"_et_pb_use_builder":"on","_et_pb_old_content":"<!-- wp:divi\/placeholder \/-->","_et_gb_content_width":"","footnotes":"","twitterCardType":"","cardImageID":0,"cardImage":"","cardTitle":"","cardDesc":"","cardImageAlt":"","cardPlayer":"","cardPlayerWidth":0,"cardPlayerHeight":0,"cardPlayerStream":"","cardPlayerCodec":""},"yoast_head":"<!-- This site is optimized with the Yoast SEO plugin v21.9.1 - https:\/\/yoast.com\/wordpress\/plugins\/seo\/ -->\n<title>Sociologie \u00e9conomique - Jean-Louis Laville<\/title>\n<meta name=\"robots\" content=\"index, follow, max-snippet:-1, max-image-preview:large, max-video-preview:-1\" \/>\n<link rel=\"canonical\" href=\"http:\/\/www.jeanlouislaville.fr\/index.php\/sociologie-economique\/\" \/>\n<meta property=\"og:locale\" content=\"fr_FR\" \/>\n<meta property=\"og:type\" content=\"article\" \/>\n<meta property=\"og:title\" content=\"Sociologie \u00e9conomique - Jean-Louis Laville\" \/>\n<meta property=\"og:description\" content=\"Sociologie \u00e9conomiqueLa naissance de la sociologie est indissociable de l\u2019av\u00e8nement de la modernit\u00e9 d\u00e9mocratique et de la r\u00e9volution industrielle qui ont engendr\u00e9 une r\u00e9flexion fondamentale de la part des auteurs classiques sur les relations entre \u00e9conomie et soci\u00e9t\u00e9. Confront\u00e9e aux mutations contemporaines, cette orientation de recherche retrouve une actualit\u00e9 qui se manifeste par le renouveau [&hellip;]\" \/>\n<meta property=\"og:url\" content=\"http:\/\/www.jeanlouislaville.fr\/index.php\/sociologie-economique\/\" \/>\n<meta property=\"og:site_name\" content=\"Jean-Louis Laville\" \/>\n<meta property=\"article:modified_time\" content=\"2022-09-28T08:46:44+00:00\" \/>\n<meta property=\"og:image\" content=\"http:\/\/www.jeanlouislaville.fr\/wp-content\/uploads\/2019\/09\/ouvrages.jpg\" \/>\n<meta name=\"twitter:card\" content=\"summary_large_image\" \/>\n<meta name=\"twitter:site\" content=\"@jlLaville\" \/>\n<meta name=\"twitter:label1\" content=\"Dur\u00e9e de lecture estim\u00e9e\" \/>\n\t<meta name=\"twitter:data1\" content=\"5 minutes\" \/>\n<script type=\"application\/ld+json\" class=\"yoast-schema-graph\">{\"@context\":\"https:\/\/schema.org\",\"@graph\":[{\"@type\":\"WebPage\",\"@id\":\"http:\/\/www.jeanlouislaville.fr\/index.php\/sociologie-economique\/\",\"url\":\"http:\/\/www.jeanlouislaville.fr\/index.php\/sociologie-economique\/\",\"name\":\"Sociologie \u00e9conomique - Jean-Louis Laville\",\"isPartOf\":{\"@id\":\"http:\/\/www.jeanlouislaville.fr\/#website\"},\"datePublished\":\"2019-09-12T09:23:17+00:00\",\"dateModified\":\"2022-09-28T08:46:44+00:00\",\"breadcrumb\":{\"@id\":\"http:\/\/www.jeanlouislaville.fr\/index.php\/sociologie-economique\/#breadcrumb\"},\"inLanguage\":\"fr-FR\",\"potentialAction\":[{\"@type\":\"ReadAction\",\"target\":[\"http:\/\/www.jeanlouislaville.fr\/index.php\/sociologie-economique\/\"]}]},{\"@type\":\"BreadcrumbList\",\"@id\":\"http:\/\/www.jeanlouislaville.fr\/index.php\/sociologie-economique\/#breadcrumb\",\"itemListElement\":[{\"@type\":\"ListItem\",\"position\":1,\"name\":\"Accueil\",\"item\":\"http:\/\/www.jeanlouislaville.fr\/\"},{\"@type\":\"ListItem\",\"position\":2,\"name\":\"Sociologie \u00e9conomique\"}]},{\"@type\":\"WebSite\",\"@id\":\"http:\/\/www.jeanlouislaville.fr\/#website\",\"url\":\"http:\/\/www.jeanlouislaville.fr\/\",\"name\":\"Jean-Louis Laville\",\"description\":\"\u00c9conomie Sociale &amp; Solidaire\",\"publisher\":{\"@id\":\"http:\/\/www.jeanlouislaville.fr\/#organization\"},\"potentialAction\":[{\"@type\":\"SearchAction\",\"target\":{\"@type\":\"EntryPoint\",\"urlTemplate\":\"http:\/\/www.jeanlouislaville.fr\/?s={search_term_string}\"},\"query-input\":\"required name=search_term_string\"}],\"inLanguage\":\"fr-FR\"},{\"@type\":\"Organization\",\"@id\":\"http:\/\/www.jeanlouislaville.fr\/#organization\",\"name\":\"Jean-Louis Laville\",\"url\":\"http:\/\/www.jeanlouislaville.fr\/\",\"logo\":{\"@type\":\"ImageObject\",\"inLanguage\":\"fr-FR\",\"@id\":\"http:\/\/www.jeanlouislaville.fr\/#\/schema\/logo\/image\/\",\"url\":\"http:\/\/www.jeanlouislaville.fr\/wp-content\/uploads\/2019\/10\/logoResponsive.png\",\"contentUrl\":\"http:\/\/www.jeanlouislaville.fr\/wp-content\/uploads\/2019\/10\/logoResponsive.png\",\"width\":630,\"height\":93,\"caption\":\"Jean-Louis Laville\"},\"image\":{\"@id\":\"http:\/\/www.jeanlouislaville.fr\/#\/schema\/logo\/image\/\"},\"sameAs\":[\"https:\/\/twitter.com\/jlLaville\"]}]}<\/script>\n<!-- \/ Yoast SEO plugin. -->","yoast_head_json":{"title":"Sociologie \u00e9conomique - Jean-Louis Laville","robots":{"index":"index","follow":"follow","max-snippet":"max-snippet:-1","max-image-preview":"max-image-preview:large","max-video-preview":"max-video-preview:-1"},"canonical":"http:\/\/www.jeanlouislaville.fr\/index.php\/sociologie-economique\/","og_locale":"fr_FR","og_type":"article","og_title":"Sociologie \u00e9conomique - Jean-Louis Laville","og_description":"Sociologie \u00e9conomiqueLa naissance de la sociologie est indissociable de l\u2019av\u00e8nement de la modernit\u00e9 d\u00e9mocratique et de la r\u00e9volution industrielle qui ont engendr\u00e9 une r\u00e9flexion fondamentale de la part des auteurs classiques sur les relations entre \u00e9conomie et soci\u00e9t\u00e9. Confront\u00e9e aux mutations contemporaines, cette orientation de recherche retrouve une actualit\u00e9 qui se manifeste par le renouveau [&hellip;]","og_url":"http:\/\/www.jeanlouislaville.fr\/index.php\/sociologie-economique\/","og_site_name":"Jean-Louis Laville","article_modified_time":"2022-09-28T08:46:44+00:00","og_image":[{"url":"http:\/\/www.jeanlouislaville.fr\/wp-content\/uploads\/2019\/09\/ouvrages.jpg"}],"twitter_card":"summary_large_image","twitter_site":"@jlLaville","twitter_misc":{"Dur\u00e9e de lecture estim\u00e9e":"5 minutes"},"schema":{"@context":"https:\/\/schema.org","@graph":[{"@type":"WebPage","@id":"http:\/\/www.jeanlouislaville.fr\/index.php\/sociologie-economique\/","url":"http:\/\/www.jeanlouislaville.fr\/index.php\/sociologie-economique\/","name":"Sociologie \u00e9conomique - Jean-Louis Laville","isPartOf":{"@id":"http:\/\/www.jeanlouislaville.fr\/#website"},"datePublished":"2019-09-12T09:23:17+00:00","dateModified":"2022-09-28T08:46:44+00:00","breadcrumb":{"@id":"http:\/\/www.jeanlouislaville.fr\/index.php\/sociologie-economique\/#breadcrumb"},"inLanguage":"fr-FR","potentialAction":[{"@type":"ReadAction","target":["http:\/\/www.jeanlouislaville.fr\/index.php\/sociologie-economique\/"]}]},{"@type":"BreadcrumbList","@id":"http:\/\/www.jeanlouislaville.fr\/index.php\/sociologie-economique\/#breadcrumb","itemListElement":[{"@type":"ListItem","position":1,"name":"Accueil","item":"http:\/\/www.jeanlouislaville.fr\/"},{"@type":"ListItem","position":2,"name":"Sociologie \u00e9conomique"}]},{"@type":"WebSite","@id":"http:\/\/www.jeanlouislaville.fr\/#website","url":"http:\/\/www.jeanlouislaville.fr\/","name":"Jean-Louis Laville","description":"\u00c9conomie Sociale &amp; Solidaire","publisher":{"@id":"http:\/\/www.jeanlouislaville.fr\/#organization"},"potentialAction":[{"@type":"SearchAction","target":{"@type":"EntryPoint","urlTemplate":"http:\/\/www.jeanlouislaville.fr\/?s={search_term_string}"},"query-input":"required name=search_term_string"}],"inLanguage":"fr-FR"},{"@type":"Organization","@id":"http:\/\/www.jeanlouislaville.fr\/#organization","name":"Jean-Louis Laville","url":"http:\/\/www.jeanlouislaville.fr\/","logo":{"@type":"ImageObject","inLanguage":"fr-FR","@id":"http:\/\/www.jeanlouislaville.fr\/#\/schema\/logo\/image\/","url":"http:\/\/www.jeanlouislaville.fr\/wp-content\/uploads\/2019\/10\/logoResponsive.png","contentUrl":"http:\/\/www.jeanlouislaville.fr\/wp-content\/uploads\/2019\/10\/logoResponsive.png","width":630,"height":93,"caption":"Jean-Louis Laville"},"image":{"@id":"http:\/\/www.jeanlouislaville.fr\/#\/schema\/logo\/image\/"},"sameAs":["https:\/\/twitter.com\/jlLaville"]}]}},"_links":{"self":[{"href":"http:\/\/www.jeanlouislaville.fr\/index.php\/wp-json\/wp\/v2\/pages\/36"}],"collection":[{"href":"http:\/\/www.jeanlouislaville.fr\/index.php\/wp-json\/wp\/v2\/pages"}],"about":[{"href":"http:\/\/www.jeanlouislaville.fr\/index.php\/wp-json\/wp\/v2\/types\/page"}],"author":[{"embeddable":true,"href":"http:\/\/www.jeanlouislaville.fr\/index.php\/wp-json\/wp\/v2\/users\/2"}],"replies":[{"embeddable":true,"href":"http:\/\/www.jeanlouislaville.fr\/index.php\/wp-json\/wp\/v2\/comments?post=36"}],"version-history":[{"count":14,"href":"http:\/\/www.jeanlouislaville.fr\/index.php\/wp-json\/wp\/v2\/pages\/36\/revisions"}],"predecessor-version":[{"id":2809,"href":"http:\/\/www.jeanlouislaville.fr\/index.php\/wp-json\/wp\/v2\/pages\/36\/revisions\/2809"}],"wp:attachment":[{"href":"http:\/\/www.jeanlouislaville.fr\/index.php\/wp-json\/wp\/v2\/media?parent=36"}],"curies":[{"name":"wp","href":"https:\/\/api.w.org\/{rel}","templated":true}]}}