{"id":32,"date":"2019-09-12T09:21:53","date_gmt":"2019-09-12T09:21:53","guid":{"rendered":"http:\/\/www.jeanlouislaville.fr\/?page_id=32"},"modified":"2022-09-28T08:48:12","modified_gmt":"2022-09-28T08:48:12","slug":"entreprise-sociale","status":"publish","type":"page","link":"http:\/\/www.jeanlouislaville.fr\/index.php\/entreprise-sociale\/","title":{"rendered":"Entreprise sociale"},"content":{"rendered":"<p>[et_pb_section fb_built=\u00a0\u00bb1&Prime; specialty=\u00a0\u00bbon\u00a0\u00bb background_color_2=\u00a0\u00bb#E3DBD8&Prime; _builder_version=\u00a0\u00bb3.22.7&Prime;][et_pb_column type=\u00a0\u00bb2_3&Prime; specialty_columns=\u00a0\u00bb2&Prime; _builder_version=\u00a0\u00bb3.0.47&Prime;][et_pb_row_inner _builder_version=\u00a0\u00bb3.22.7&Prime;][et_pb_column_inner type=\u00a0\u00bb4_4&Prime; saved_specialty_column_type=\u00a0\u00bb2_3&Prime; _builder_version=\u00a0\u00bb3.0.47&Prime;][et_pb_text _builder_version=\u00a0\u00bb3.22.7&Prime; header_font=\u00a0\u00bb||||||||\u00a0\u00bb header_font_size=\u00a0\u00bb20px\u00a0\u00bb]<\/p>\n<h1><strong>Entreprise et innovation sociale<\/strong><\/h1>\n<p>[\/et_pb_text][et_pb_text _builder_version=\u00a0\u00bb3.22.7&Prime; custom_margin=\u00a0\u00bb-21px|||||\u00a0\u00bb custom_padding=\u00a0\u00bb||0px|||\u00a0\u00bb]<\/p>\n<p style=\"text-align: justify;\">La diversification des coop\u00e9ratives conjugu\u00e9es \u00e0 une complexification des formes de gestions associatives, dues aux tensions affectant les financements publics ont induit une notion d\u2019entreprise sociale qui s\u2019est r\u00e9pandue dans les deux derni\u00e8res d\u00e9cennies sur divers continents. Deux approches sont significatives dans la litt\u00e9rature anglo-saxonne\u00a0: l\u2019\u00e9cole des ressources marchandes pr\u00f4ne une professionnalisation gestionnaire du tiers-secteur pour drainer plus de ressources priv\u00e9es venues du march\u00e9, l\u2019\u00e9cole de l\u2019innovation sociale met l\u2019accent sur le r\u00f4le moteur d\u2019entrepreneurs sociaux individuels. Mais il existe aussi une approche europ\u00e9enne \u00e9manant du r\u00e9seau de recherche Emacs. On retrouve des traits communs avec l\u2019\u00e9conomie sociale infl\u00e9chis par une instance plus forte sur la dimension entrepreneuriale, \u00e9tendus pour les coop\u00e9ratives \u00e0 une nouvelle g\u00e9n\u00e9ration de coop\u00e9ratives multi-soci\u00e9taires, avec un accent mis sur la dynamique participative et citoyenne renvoyant \u00e0 l\u2019\u00e9conomie solidaire. On peut toutefois s\u2019interroger sur les effets d\u2019un tel isolement de l\u2019entreprise par rapport au mouvement par lequel elle est port\u00e9e. L\u2019entreprise sociale peut poursuivre le plaidoyer pour la pluralisation des formes d\u2019entreprise mais qu\u2019en est-il de la pluralisation des principes \u00e9conomiques et de la d\u00e9mocratie\u00a0?<\/p>\n<p style=\"text-align: justify;\">De telles interrogations traversent aussi l\u2019innovation sociale qui correspond \u00e0 \u00ab\u00a0une intervention initi\u00e9e par des acteurs sociaux pour r\u00e9pondre \u00e0 une aspiration, subvenir \u00e0 un besoin, apporter une solution ou profiter d\u2019une opportunit\u00e9 d\u2019action afin de modifier les relations sociales, de transformer un cadre d\u2019action ou de proposer de nouvelles orientations culturelles\u00a0\u00bb selon la d\u00e9finition largement admise, donn\u00e9e par le Centre de recherche sur les innovations sociales au Qu\u00e9bec, pionnier dans le domaine. Au moins deux mani\u00e8res de consid\u00e9rer celle-ci sont \u00e0 distinguer.<\/p>\n<p style=\"text-align: justify;\">La premi\u00e8re situe l\u2019innovation sociale dans une solidarit\u00e9 d\u00e9mocratique, forte parce qu\u2019elle a vocation \u00e0 contenir le march\u00e9. Elle consiste \u00e0 d\u00e9passer le dualisme Etat-march\u00e9 caract\u00e9ristique du vingti\u00e8me si\u00e8cle pour articuler au vingt-et-uni\u00e8me si\u00e8cle march\u00e9, Etat et soci\u00e9t\u00e9 civile. Elle fait r\u00e9f\u00e9rence \u00e0 une \u00e9conomie plurielle qui admet une \u00e9conomie sociale et solidaire comme \u00e9conomie de plein droit ayant \u00e0 assumer des fonctions en plus des secteurs priv\u00e9 et public mais pesant aussi pour la transformation de ceux-ci. Cette position offensive se justifie par la n\u00e9cessit\u00e9 d\u2019une reconfiguration institutionnelle de grande ampleur dans laquelle l\u2019action publique s\u2019appuie sur les pouvoirs publics mais aussi sur les initiatives citoyennes, s\u2019arriment les uns aux autres.<\/p>\n<p style=\"text-align: justify;\">La seconde conf\u00e8re \u00e0 l\u2019innovation sociale une place moindre, dans une solidarit\u00e9 plus faible et d\u00e9pendante du march\u00e9. L\u2019innovation sociale fait partie des changements en cours au sein du capitalisme mais elle n\u2019est admise que si elle prend la forme d\u2019une entreprise auto-suffisante sur le march\u00e9. La reconfiguration institutionnelle vis\u00e9e repose sur les possibilit\u00e9s de coop\u00e9ration entre les grandes entreprises du secteur priv\u00e9 lucratif et les organismes de la soci\u00e9t\u00e9 civile, en capacit\u00e9 de trouver des solutions de proximit\u00e9 plus adapt\u00e9es que les grands appareils publics.<\/p>\n<p style=\"text-align: justify;\">Derri\u00e8re le consensus apparent en faveur de l\u2019innovation sociale, ce sont donc des mod\u00e8les contradictoires qui s\u2019affrontent. Sur les deux th\u00e8mes, \u00e9conomie sociale et innovation sociale, une r\u00e9flexion sur le champ des possible est donc \u00e0 articuler avec une perspective critique.<\/p>\n<p>[\/et_pb_text][\/et_pb_column_inner][\/et_pb_row_inner][et_pb_row_inner background_color_1=\u00a0\u00bb#826a61&Prime; background_color_2=\u00a0\u00bb#826a61&Prime; _builder_version=\u00a0\u00bb3.22.7&Prime;][et_pb_column_inner type=\u00a0\u00bb1_2&Prime; saved_specialty_column_type=\u00a0\u00bb2_3&Prime; _builder_version=\u00a0\u00bb3.0.47&Prime;][et_pb_code _builder_version=\u00a0\u00bb3.22.7&Prime; width=\u00a0\u00bb100%\u00a0\u00bb module_alignment=\u00a0\u00bbleft\u00a0\u00bb link_option_url=\u00a0\u00bbhttp:\/\/www.jeanlouislaville.fr\/index.php\/entreprise-sociale-les-ouvrages\/\u00a0\u00bb]<!-- [et_pb_line_break_holder] -->  <\/p>\n<div class=\"w3-card-4\" style=\"width:100%\"><!-- [et_pb_line_break_holder] -->    <img decoding=\"async\" src=\"http:\/\/www.jeanlouislaville.fr\/wp-content\/uploads\/2019\/09\/ouvrages.jpg\" alt=\"les ouvrages\" style=\"width:100%\"><!-- [et_pb_line_break_holder] -->    <\/p>\n<div class=\"w3-container\"><!-- [et_pb_line_break_holder] -->      <\/p>\n<h5 style=\"color:#fff\";><b style=\"padding-left:90px\">Les ouvrages<\/b><\/h5>\n<p><!-- [et_pb_line_break_holder] --><!-- [et_pb_line_break_holder] -->    <\/div>\n<p><!-- [et_pb_line_break_holder] -->  <\/div>\n<p>[\/et_pb_code][\/et_pb_column_inner][et_pb_column_inner type=\u00a0\u00bb1_2&Prime; saved_specialty_column_type=\u00a0\u00bb2_3&Prime; _builder_version=\u00a0\u00bb3.0.47&Prime;][et_pb_code _builder_version=\u00a0\u00bb3.22.7&Prime; width=\u00a0\u00bb100%\u00a0\u00bb module_alignment=\u00a0\u00bbleft\u00a0\u00bb link_option_url=\u00a0\u00bbhttp:\/\/www.jeanlouislaville.fr\/index.php\/entreprise-sociale-les-articles\/\u00a0\u00bb]<!-- [et_pb_line_break_holder] -->  <\/p>\n<div class=\"w3-card-4\" style=\"width:100%\"><!-- [et_pb_line_break_holder] -->    <img decoding=\"async\" src=\"http:\/\/www.jeanlouislaville.fr\/wp-content\/uploads\/2019\/09\/articles.jpg\" alt=\"les articles\" style=\"width:100%\"><!-- [et_pb_line_break_holder] -->    <\/p>\n<div class=\"w3-container\"><!-- [et_pb_line_break_holder] -->      <\/p>\n<h5 style=\"color:#fff\";><b style=\"padding-left:90px\">Les articles<\/b><\/h5>\n<p><!-- [et_pb_line_break_holder] --><!-- [et_pb_line_break_holder] -->    <\/div>\n<p><!-- [et_pb_line_break_holder] -->  <\/div>\n<p>[\/et_pb_code][\/et_pb_column_inner][\/et_pb_row_inner][et_pb_row_inner background_color_1=\u00a0\u00bb#826a61&Prime; background_color_2=\u00a0\u00bb#826a61&Prime; _builder_version=\u00a0\u00bb3.22.7&Prime;][et_pb_column_inner type=\u00a0\u00bb1_2&Prime; saved_specialty_column_type=\u00a0\u00bb2_3&Prime; _builder_version=\u00a0\u00bb3.0.47&Prime;][et_pb_code _builder_version=\u00a0\u00bb3.22.7&Prime; width=\u00a0\u00bb100%\u00a0\u00bb module_alignment=\u00a0\u00bbleft\u00a0\u00bb link_option_url=\u00a0\u00bbhttp:\/\/www.jeanlouislaville.fr\/index.php\/entreprise-sociale-les-chapitres\/\u00a0\u00bb]<!-- [et_pb_line_break_holder] -->  <\/p>\n<div class=\"w3-card-4\" style=\"width:100%\"><!-- [et_pb_line_break_holder] -->    <img decoding=\"async\" src=\"http:\/\/www.jeanlouislaville.fr\/wp-content\/uploads\/2019\/09\/chapitre-1.jpg\" alt=\"les chapitres\" style=\"width:100%\"><!-- [et_pb_line_break_holder] -->    <\/p>\n<div class=\"w3-container\"><!-- [et_pb_line_break_holder] -->      <\/p>\n<h5 style=\"color:#fff\";><b style=\"padding-left:90px\">Les chapitres<\/b><\/h5>\n<p><!-- [et_pb_line_break_holder] --><!-- [et_pb_line_break_holder] -->    <\/div>\n<p><!-- [et_pb_line_break_holder] -->  <\/div>\n<p>[\/et_pb_code][\/et_pb_column_inner][et_pb_column_inner type=\u00a0\u00bb1_2&Prime; saved_specialty_column_type=\u00a0\u00bb2_3&Prime; _builder_version=\u00a0\u00bb3.0.47&Prime;][et_pb_code _builder_version=\u00a0\u00bb3.22.7&Prime; width=\u00a0\u00bb100%\u00a0\u00bb module_alignment=\u00a0\u00bbleft\u00a0\u00bb link_option_url=\u00a0\u00bbhttp:\/\/www.jeanlouislaville.fr\/index.php\/entreprise-sociale-les-revues\/\u00a0\u00bb]<!-- [et_pb_line_break_holder] -->  <\/p>\n<div class=\"w3-card-4\" style=\"width:100%\"><!-- [et_pb_line_break_holder] -->    <img decoding=\"async\" src=\"http:\/\/www.jeanlouislaville.fr\/wp-content\/uploads\/2019\/09\/revues.jpg\" alt=\"les revues\" style=\"width:100%\"><!-- [et_pb_line_break_holder] -->    <\/p>\n<div class=\"w3-container\"><!-- [et_pb_line_break_holder] -->      <\/p>\n<h5 style=\"color:#fff\";><b style=\"padding-left:90px\">Les revues<\/b><\/h5>\n<p><!-- [et_pb_line_break_holder] --><!-- [et_pb_line_break_holder] -->    <\/div>\n<p><!-- [et_pb_line_break_holder] -->  <\/div>\n<p>[\/et_pb_code][\/et_pb_column_inner][\/et_pb_row_inner][et_pb_row_inner _builder_version=\u00a0\u00bb3.22.7&Prime;][et_pb_column_inner type=\u00a0\u00bb4_4&Prime; saved_specialty_column_type=\u00a0\u00bb2_3&Prime; _builder_version=\u00a0\u00bb3.0.47&Prime;][et_pb_text _builder_version=\u00a0\u00bb3.22.7&Prime; text_font=\u00a0\u00bb||||||||\u00a0\u00bb text_font_size=\u00a0\u00bb12px\u00a0\u00bb text_line_height=\u00a0\u00bb0em\u00a0\u00bb header_font=\u00a0\u00bb||||||||\u00a0\u00bb header_2_font=\u00a0\u00bb||||||||\u00a0\u00bb header_3_font=\u00a0\u00bb||||||||\u00a0\u00bb header_3_font_size=\u00a0\u00bb18px\u00a0\u00bb]<\/p>\n<h3 style=\"text-align: center;\"><strong>Partenaires<br \/><\/strong><\/h3>\n<p style=\"text-align: center;\"><span style=\"color: #000000;\"><a href=\"#\" style=\"color: #000000;\"> <br \/><\/a><\/span><\/p>\n<p>[\/et_pb_text][\/et_pb_column_inner][\/et_pb_row_inner][\/et_pb_column][et_pb_column type=\u00a0\u00bb1_3&Prime; _builder_version=\u00a0\u00bb3.0.47&Prime;][et_pb_code disabled_on=\u00a0\u00bbon|on|off\u00a0\u00bb _builder_version=\u00a0\u00bb3.22.7&Prime; custom_margin=\u00a0\u00bb40px|20px|50px|20px\u00a0\u00bb custom_padding=\u00a0\u00bb0px|0px|50px|0px\u00a0\u00bb]<div style=\"display:block;width:100%;float:left;overflow:hidden\">\r\n\t<a class=\"twitter-timeline\" data-dnt=\"true\"\r\n\t\thref=\"https:\/\/twitter.com\/@jlLaville\"\r\n\t\tmin-width=\"\"\r\n\t\theight=\"594\"\r\n\t\tdata-theme=\"light\"\r\n\t\tdata-lang=\"fr\"\r\n\t\tdata-cards=\"hidden\"><\/a>\r\n\r\n<\/div> \r\n<div style=\"clear: both;\"><\/div>\r\n\t[\/et_pb_code][et_pb_text disabled_on=\u00a0\u00bbon|on|off\u00a0\u00bb _builder_version=\u00a0\u00bb3.22.7&Prime; text_font=\u00a0\u00bb||||||||\u00a0\u00bb text_font_size=\u00a0\u00bb12px\u00a0\u00bb text_line_height=\u00a0\u00bb1.6em\u00a0\u00bb custom_margin=\u00a0\u00bb|20px||20px\u00a0\u00bb custom_padding=\u00a0\u00bb50px|0px|30px|0px\u00a0\u00bb]<\/p>\n<p style=\"text-align: justify;\"><strong><span style=\"color: #a6908b;\">Jean-Louis Laville<\/span><\/strong><\/p>\n<p>Jean-Louis Laville est professeur du Conservatoire National des Arts et M\u00e9tiers \u00e0 Paris (Cnam), o\u00f9 il est titulaire de la Chaire \u00ab \u00c9conomie Solidaire \u00bb. Il est \u00e9galement chercheur au Lise (Laboratoire interdisciplinaire pour la sociologie \u00e9conomique, CNRS-Cnam), \u00e0 l\u2019IFRIS (Institut Francilien Recherche Innovation Soci\u00e9t\u00e9) et au Coll\u00e8ge d\u2019\u00e9tudes mondiales \u2013 Fondation Maison des Sciences de l\u2019Homme o\u00f9 il dirige le programme d\u2019\u00e9tudes \u00ab D\u00e9mocratie et \u00e9conomie plurielles \u00bb.<br \/>Impliqu\u00e9 dans de nombreux r\u00e9seaux de recherche internationaux, il est membre du conseil d\u2019administration du Karl Polanyi Institute of Political Economy, membre fondateur du r\u00e9seau europ\u00e9en EMES (qui \u00e9tudie l\u2019\u00e9conomie solidaire, l\u2019\u00e9conomie sociale, le tiers secteur, l\u2019entreprise sociale) et du r\u00e9seau sud-am\u00e9ricain RILESS (R\u00e9seau de Chercheurs Latino-am\u00e9ricains sur l\u2019\u00c9conomie Sociale et Solidaire).<br \/>Il est r\u00e9guli\u00e8rement invit\u00e9 dans plusieurs universit\u00e9s (Barcelone, Buenos Aires, Quito, Louvain-la-Neuve, Porto Alegre, Salvador de Bahia\u2026) et est associ\u00e9 \u00e0 des laboratoires de recherche \u00e9trangers tels que le CRIDIS (Centre de Recherche Interdisciplinaire, Louvain-la-Neuve) et le CRISES (Centre de recherche sur les innovations sociales, Montr\u00e9al).<\/p>\n<p>[\/et_pb_text][\/et_pb_column][\/et_pb_section]<\/p>\n","protected":false},"excerpt":{"rendered":"<p>Entreprise et innovation socialeLa diversification des coop\u00e9ratives conjugu\u00e9es \u00e0 une complexification des formes de gestions associatives, dues aux tensions affectant les financements publics ont induit une notion d\u2019entreprise sociale qui s\u2019est r\u00e9pandue dans les deux derni\u00e8res d\u00e9cennies sur divers continents. Deux approches sont significatives dans la litt\u00e9rature anglo-saxonne\u00a0: l\u2019\u00e9cole des ressources marchandes pr\u00f4ne une professionnalisation [&hellip;]<\/p>\n","protected":false},"author":2,"featured_media":0,"parent":0,"menu_order":0,"comment_status":"closed","ping_status":"closed","template":"","meta":{"_et_pb_use_builder":"on","_et_pb_old_content":"<!-- wp:divi\/placeholder \/-->","_et_gb_content_width":"","footnotes":"","twitterCardType":"","cardImageID":0,"cardImage":"","cardTitle":"","cardDesc":"","cardImageAlt":"","cardPlayer":"","cardPlayerWidth":0,"cardPlayerHeight":0,"cardPlayerStream":"","cardPlayerCodec":""},"yoast_head":"<!-- This site is optimized with the Yoast SEO plugin v21.9.1 - https:\/\/yoast.com\/wordpress\/plugins\/seo\/ -->\n<title>Entreprise sociale - Jean-Louis Laville<\/title>\n<meta name=\"robots\" content=\"index, follow, max-snippet:-1, max-image-preview:large, max-video-preview:-1\" \/>\n<link rel=\"canonical\" href=\"http:\/\/www.jeanlouislaville.fr\/index.php\/entreprise-sociale\/\" \/>\n<meta property=\"og:locale\" content=\"fr_FR\" \/>\n<meta property=\"og:type\" content=\"article\" \/>\n<meta property=\"og:title\" content=\"Entreprise sociale - Jean-Louis Laville\" \/>\n<meta property=\"og:description\" content=\"Entreprise et innovation socialeLa diversification des coop\u00e9ratives conjugu\u00e9es \u00e0 une complexification des formes de gestions associatives, dues aux tensions affectant les financements publics ont induit une notion d\u2019entreprise sociale qui s\u2019est r\u00e9pandue dans les deux derni\u00e8res d\u00e9cennies sur divers continents. Deux approches sont significatives dans la litt\u00e9rature anglo-saxonne\u00a0: l\u2019\u00e9cole des ressources marchandes pr\u00f4ne une professionnalisation [&hellip;]\" \/>\n<meta property=\"og:url\" content=\"http:\/\/www.jeanlouislaville.fr\/index.php\/entreprise-sociale\/\" \/>\n<meta property=\"og:site_name\" content=\"Jean-Louis Laville\" \/>\n<meta property=\"article:modified_time\" content=\"2022-09-28T08:48:12+00:00\" \/>\n<meta property=\"og:image\" content=\"http:\/\/www.jeanlouislaville.fr\/wp-content\/uploads\/2019\/09\/ouvrages.jpg\" \/>\n<meta name=\"twitter:card\" content=\"summary_large_image\" \/>\n<meta name=\"twitter:site\" content=\"@jlLaville\" \/>\n<meta name=\"twitter:label1\" content=\"Dur\u00e9e de lecture estim\u00e9e\" \/>\n\t<meta name=\"twitter:data1\" content=\"6 minutes\" \/>\n<script type=\"application\/ld+json\" class=\"yoast-schema-graph\">{\"@context\":\"https:\/\/schema.org\",\"@graph\":[{\"@type\":\"WebPage\",\"@id\":\"http:\/\/www.jeanlouislaville.fr\/index.php\/entreprise-sociale\/\",\"url\":\"http:\/\/www.jeanlouislaville.fr\/index.php\/entreprise-sociale\/\",\"name\":\"Entreprise sociale - Jean-Louis Laville\",\"isPartOf\":{\"@id\":\"http:\/\/www.jeanlouislaville.fr\/#website\"},\"datePublished\":\"2019-09-12T09:21:53+00:00\",\"dateModified\":\"2022-09-28T08:48:12+00:00\",\"breadcrumb\":{\"@id\":\"http:\/\/www.jeanlouislaville.fr\/index.php\/entreprise-sociale\/#breadcrumb\"},\"inLanguage\":\"fr-FR\",\"potentialAction\":[{\"@type\":\"ReadAction\",\"target\":[\"http:\/\/www.jeanlouislaville.fr\/index.php\/entreprise-sociale\/\"]}]},{\"@type\":\"BreadcrumbList\",\"@id\":\"http:\/\/www.jeanlouislaville.fr\/index.php\/entreprise-sociale\/#breadcrumb\",\"itemListElement\":[{\"@type\":\"ListItem\",\"position\":1,\"name\":\"Accueil\",\"item\":\"http:\/\/www.jeanlouislaville.fr\/\"},{\"@type\":\"ListItem\",\"position\":2,\"name\":\"Entreprise sociale\"}]},{\"@type\":\"WebSite\",\"@id\":\"http:\/\/www.jeanlouislaville.fr\/#website\",\"url\":\"http:\/\/www.jeanlouislaville.fr\/\",\"name\":\"Jean-Louis Laville\",\"description\":\"\u00c9conomie Sociale &amp; Solidaire\",\"publisher\":{\"@id\":\"http:\/\/www.jeanlouislaville.fr\/#organization\"},\"potentialAction\":[{\"@type\":\"SearchAction\",\"target\":{\"@type\":\"EntryPoint\",\"urlTemplate\":\"http:\/\/www.jeanlouislaville.fr\/?s={search_term_string}\"},\"query-input\":\"required name=search_term_string\"}],\"inLanguage\":\"fr-FR\"},{\"@type\":\"Organization\",\"@id\":\"http:\/\/www.jeanlouislaville.fr\/#organization\",\"name\":\"Jean-Louis Laville\",\"url\":\"http:\/\/www.jeanlouislaville.fr\/\",\"logo\":{\"@type\":\"ImageObject\",\"inLanguage\":\"fr-FR\",\"@id\":\"http:\/\/www.jeanlouislaville.fr\/#\/schema\/logo\/image\/\",\"url\":\"http:\/\/www.jeanlouislaville.fr\/wp-content\/uploads\/2019\/10\/logoResponsive.png\",\"contentUrl\":\"http:\/\/www.jeanlouislaville.fr\/wp-content\/uploads\/2019\/10\/logoResponsive.png\",\"width\":630,\"height\":93,\"caption\":\"Jean-Louis Laville\"},\"image\":{\"@id\":\"http:\/\/www.jeanlouislaville.fr\/#\/schema\/logo\/image\/\"},\"sameAs\":[\"https:\/\/twitter.com\/jlLaville\"]}]}<\/script>\n<!-- \/ Yoast SEO plugin. -->","yoast_head_json":{"title":"Entreprise sociale - Jean-Louis Laville","robots":{"index":"index","follow":"follow","max-snippet":"max-snippet:-1","max-image-preview":"max-image-preview:large","max-video-preview":"max-video-preview:-1"},"canonical":"http:\/\/www.jeanlouislaville.fr\/index.php\/entreprise-sociale\/","og_locale":"fr_FR","og_type":"article","og_title":"Entreprise sociale - Jean-Louis Laville","og_description":"Entreprise et innovation socialeLa diversification des coop\u00e9ratives conjugu\u00e9es \u00e0 une complexification des formes de gestions associatives, dues aux tensions affectant les financements publics ont induit une notion d\u2019entreprise sociale qui s\u2019est r\u00e9pandue dans les deux derni\u00e8res d\u00e9cennies sur divers continents. Deux approches sont significatives dans la litt\u00e9rature anglo-saxonne\u00a0: l\u2019\u00e9cole des ressources marchandes pr\u00f4ne une professionnalisation [&hellip;]","og_url":"http:\/\/www.jeanlouislaville.fr\/index.php\/entreprise-sociale\/","og_site_name":"Jean-Louis Laville","article_modified_time":"2022-09-28T08:48:12+00:00","og_image":[{"url":"http:\/\/www.jeanlouislaville.fr\/wp-content\/uploads\/2019\/09\/ouvrages.jpg"}],"twitter_card":"summary_large_image","twitter_site":"@jlLaville","twitter_misc":{"Dur\u00e9e de lecture estim\u00e9e":"6 minutes"},"schema":{"@context":"https:\/\/schema.org","@graph":[{"@type":"WebPage","@id":"http:\/\/www.jeanlouislaville.fr\/index.php\/entreprise-sociale\/","url":"http:\/\/www.jeanlouislaville.fr\/index.php\/entreprise-sociale\/","name":"Entreprise sociale - Jean-Louis Laville","isPartOf":{"@id":"http:\/\/www.jeanlouislaville.fr\/#website"},"datePublished":"2019-09-12T09:21:53+00:00","dateModified":"2022-09-28T08:48:12+00:00","breadcrumb":{"@id":"http:\/\/www.jeanlouislaville.fr\/index.php\/entreprise-sociale\/#breadcrumb"},"inLanguage":"fr-FR","potentialAction":[{"@type":"ReadAction","target":["http:\/\/www.jeanlouislaville.fr\/index.php\/entreprise-sociale\/"]}]},{"@type":"BreadcrumbList","@id":"http:\/\/www.jeanlouislaville.fr\/index.php\/entreprise-sociale\/#breadcrumb","itemListElement":[{"@type":"ListItem","position":1,"name":"Accueil","item":"http:\/\/www.jeanlouislaville.fr\/"},{"@type":"ListItem","position":2,"name":"Entreprise sociale"}]},{"@type":"WebSite","@id":"http:\/\/www.jeanlouislaville.fr\/#website","url":"http:\/\/www.jeanlouislaville.fr\/","name":"Jean-Louis Laville","description":"\u00c9conomie Sociale &amp; Solidaire","publisher":{"@id":"http:\/\/www.jeanlouislaville.fr\/#organization"},"potentialAction":[{"@type":"SearchAction","target":{"@type":"EntryPoint","urlTemplate":"http:\/\/www.jeanlouislaville.fr\/?s={search_term_string}"},"query-input":"required name=search_term_string"}],"inLanguage":"fr-FR"},{"@type":"Organization","@id":"http:\/\/www.jeanlouislaville.fr\/#organization","name":"Jean-Louis Laville","url":"http:\/\/www.jeanlouislaville.fr\/","logo":{"@type":"ImageObject","inLanguage":"fr-FR","@id":"http:\/\/www.jeanlouislaville.fr\/#\/schema\/logo\/image\/","url":"http:\/\/www.jeanlouislaville.fr\/wp-content\/uploads\/2019\/10\/logoResponsive.png","contentUrl":"http:\/\/www.jeanlouislaville.fr\/wp-content\/uploads\/2019\/10\/logoResponsive.png","width":630,"height":93,"caption":"Jean-Louis Laville"},"image":{"@id":"http:\/\/www.jeanlouislaville.fr\/#\/schema\/logo\/image\/"},"sameAs":["https:\/\/twitter.com\/jlLaville"]}]}},"_links":{"self":[{"href":"http:\/\/www.jeanlouislaville.fr\/index.php\/wp-json\/wp\/v2\/pages\/32"}],"collection":[{"href":"http:\/\/www.jeanlouislaville.fr\/index.php\/wp-json\/wp\/v2\/pages"}],"about":[{"href":"http:\/\/www.jeanlouislaville.fr\/index.php\/wp-json\/wp\/v2\/types\/page"}],"author":[{"embeddable":true,"href":"http:\/\/www.jeanlouislaville.fr\/index.php\/wp-json\/wp\/v2\/users\/2"}],"replies":[{"embeddable":true,"href":"http:\/\/www.jeanlouislaville.fr\/index.php\/wp-json\/wp\/v2\/comments?post=32"}],"version-history":[{"count":13,"href":"http:\/\/www.jeanlouislaville.fr\/index.php\/wp-json\/wp\/v2\/pages\/32\/revisions"}],"predecessor-version":[{"id":2810,"href":"http:\/\/www.jeanlouislaville.fr\/index.php\/wp-json\/wp\/v2\/pages\/32\/revisions\/2810"}],"wp:attachment":[{"href":"http:\/\/www.jeanlouislaville.fr\/index.php\/wp-json\/wp\/v2\/media?parent=32"}],"curies":[{"name":"wp","href":"https:\/\/api.w.org\/{rel}","templated":true}]}}