{"id":23,"date":"2019-09-12T09:20:10","date_gmt":"2019-09-12T09:20:10","guid":{"rendered":"http:\/\/www.jeanlouislaville.fr\/?page_id=23"},"modified":"2022-09-28T08:50:26","modified_gmt":"2022-09-28T08:50:26","slug":"associations","status":"publish","type":"page","link":"http:\/\/www.jeanlouislaville.fr\/index.php\/associations\/","title":{"rendered":"Associations"},"content":{"rendered":"<p>[et_pb_section fb_built=\u00a0\u00bb1&Prime; specialty=\u00a0\u00bbon\u00a0\u00bb background_color_2=\u00a0\u00bb#E3DBD8&Prime; disabled_on=\u00a0\u00bboff|off|off\u00a0\u00bb _builder_version=\u00a0\u00bb3.22.7&Prime;][et_pb_column type=\u00a0\u00bb2_3&Prime; specialty_columns=\u00a0\u00bb2&Prime; _builder_version=\u00a0\u00bb3.0.47&Prime;][et_pb_row_inner _builder_version=\u00a0\u00bb3.22.7&Prime;][et_pb_column_inner type=\u00a0\u00bb4_4&Prime; saved_specialty_column_type=\u00a0\u00bb2_3&Prime; _builder_version=\u00a0\u00bb3.0.47&Prime;][et_pb_text _builder_version=\u00a0\u00bb3.22.7&Prime; header_font=\u00a0\u00bb||||||||\u00a0\u00bb header_font_size=\u00a0\u00bb20px\u00a0\u00bb]<\/p>\n<h1><strong>Association<\/strong><\/h1>\n<p>[\/et_pb_text][et_pb_text _builder_version=\u00a0\u00bb3.22.7&Prime; custom_margin=\u00a0\u00bb-21px|||||\u00a0\u00bb]<\/p>\n<p style=\"text-align: justify;\">Dans le monde entier, la tendance \u00e0 cr\u00e9er des associations n\u2019a jamais \u00e9t\u00e9 aussi forte que dans les derni\u00e8res d\u00e9cennies. Pour la France, les chiffres sont r\u00e9v\u00e9lateurs. Les associations \u00e9taient 700 000 en 1990, avec 8 millions de b\u00e9n\u00e9voles ; elles sont 1,5 million aujourd\u2019hui pour 22 millions de b\u00e9n\u00e9voles, auxquels s\u2019ajoutent 1,8 million de salari\u00e9s.<br \/>Le ph\u00e9nom\u00e8ne associatif, malgr\u00e9 ce renouveau, reste sous-estim\u00e9. Certains critiquent la pr\u00e9carit\u00e9 du travail en son sein. D\u2019autres pr\u00e9tendent le moderniser sur le mod\u00e8le de l\u2019entreprise. Quant aux gouvernements, ils le rabattent trop souvent sur sa fonction r\u00e9paratrice.<br \/>Pourtant, il inclut une dimension transformatrice qui renvoie \u00e0 un principe d\u00e9mocratique fondamental : l\u2019associationnisme. De grands auteurs comme Dewey, Habermas, Mauss ou Polanyi en ont d\u00e9cel\u00e9 l\u2019importance. Chacun \u00e0 leur mani\u00e8re, ils ont d\u00e9crit comment, d\u00e8s le XIXe si\u00e8cle, ce principe a \u00e9t\u00e9 mis en \u0153uvre, prouvant que la d\u00e9mocratie exc\u00e8de la repr\u00e9sentation, que l\u2019\u00e9conomie ne se r\u00e9duit pas au march\u00e9 et que la solidarit\u00e9 d\u00e9borde l\u2019intervention de l\u2019\u00c9tat.<br \/>Tout en analysant les ind\u00e9niables ambigu\u00eft\u00e9s de ce mouvement, il s\u2019agit d\u2019examiner l\u2019existence d\u2019un regain de l\u2019associationnisme. Si nous en tenons compte, nous pouvons voir diff\u00e9remment les crises actuelles et inventer d\u2019autres actions pour les surmonter.<\/p>\n<p>[\/et_pb_text][\/et_pb_column_inner][\/et_pb_row_inner][et_pb_row_inner background_color_1=\u00a0\u00bb#826a61&Prime; background_color_2=\u00a0\u00bb#826a61&Prime; _builder_version=\u00a0\u00bb3.22.7&Prime;][et_pb_column_inner type=\u00a0\u00bb1_2&Prime; saved_specialty_column_type=\u00a0\u00bb2_3&Prime; _builder_version=\u00a0\u00bb3.0.47&Prime;][et_pb_code _builder_version=\u00a0\u00bb3.22.7&Prime; width=\u00a0\u00bb100%\u00a0\u00bb module_alignment=\u00a0\u00bbleft\u00a0\u00bb]<!-- [et_pb_line_break_holder] --><!-- [et_pb_line_break_holder] --><\/p>\n<div class=\"w3-card-4\" style=\"width:100%\"><!-- [et_pb_line_break_holder] -->  <a href=\"http:\/\/www.jeanlouislaville.fr\/index.php\/les-ouvrages\/\" ><!-- [et_pb_line_break_holder] -->    <img decoding=\"async\" src=\"http:\/\/www.jeanlouislaville.fr\/wp-content\/uploads\/2019\/09\/ouvrages.jpg\" alt=\"les ouvrages\" style=\"width:100%\"><!-- [et_pb_line_break_holder] -->    <\/p>\n<div class=\"w3-container\"><!-- [et_pb_line_break_holder] -->      <\/p>\n<h5 style=\"color:#fff\";><b style=\"padding-left:90px\">Les ouvrages<\/b><\/h5>\n<p><!-- [et_pb_line_break_holder] --><!-- [et_pb_line_break_holder] -->    <\/div>\n<p><\/a><!-- [et_pb_line_break_holder] -->  <\/div>\n<p>[\/et_pb_code][\/et_pb_column_inner][et_pb_column_inner type=\u00a0\u00bb1_2&Prime; saved_specialty_column_type=\u00a0\u00bb2_3&Prime; _builder_version=\u00a0\u00bb3.0.47&Prime;][et_pb_code _builder_version=\u00a0\u00bb3.22.7&Prime; width=\u00a0\u00bb100%\u00a0\u00bb module_alignment=\u00a0\u00bbleft\u00a0\u00bb]<!-- [et_pb_line_break_holder] -->  <\/p>\n<div class=\"w3-card-4\" style=\"width:100%\"><!-- [et_pb_line_break_holder] -->    <a href=\"http:\/\/www.jeanlouislaville.fr\/index.php\/associations-les-articles\/\"><!-- [et_pb_line_break_holder] -->    <img decoding=\"async\" src=\"http:\/\/www.jeanlouislaville.fr\/wp-content\/uploads\/2019\/09\/articles.jpg\" alt=\"les articles\" style=\"width:100%\"><!-- [et_pb_line_break_holder] -->    <\/p>\n<div class=\"w3-container\"><!-- [et_pb_line_break_holder] -->      <\/p>\n<h5 style=\"color:#fff\";><b style=\"padding-left:90px\">Les articles<\/b><\/h5>\n<p><!-- [et_pb_line_break_holder] --><!-- [et_pb_line_break_holder] -->    <\/div>\n<p><!-- [et_pb_line_break_holder] -->      <\/a><!-- [et_pb_line_break_holder] -->  <\/div>\n<p>[\/et_pb_code][\/et_pb_column_inner][\/et_pb_row_inner][et_pb_row_inner background_color_1=\u00a0\u00bb#826a61&Prime; background_color_2=\u00a0\u00bb#826a61&Prime; _builder_version=\u00a0\u00bb3.22.7&Prime;][et_pb_column_inner type=\u00a0\u00bb1_2&Prime; saved_specialty_column_type=\u00a0\u00bb2_3&Prime; _builder_version=\u00a0\u00bb3.0.47&Prime;][et_pb_code _builder_version=\u00a0\u00bb3.22.7&Prime; width=\u00a0\u00bb100%\u00a0\u00bb module_alignment=\u00a0\u00bbleft\u00a0\u00bb]<!-- [et_pb_line_break_holder] -->  <\/p>\n<div class=\"w3-card-4\" style=\"width:100%\"><!-- [et_pb_line_break_holder] -->    <a href=\"http:\/\/www.jeanlouislaville.fr\/index.php\/associations-les-chapitres\/\"><!-- [et_pb_line_break_holder] -->    <img decoding=\"async\" src=\"http:\/\/www.jeanlouislaville.fr\/wp-content\/uploads\/2019\/09\/chapitre-1.jpg\" alt=\"les chapitres\" style=\"width:100%\"><!-- [et_pb_line_break_holder] -->    <\/p>\n<div class=\"w3-container\"><!-- [et_pb_line_break_holder] -->      <\/p>\n<h5 style=\"color:#fff\";><b style=\"padding-left:90px\">Les chapitres<\/b><\/h5>\n<p><!-- [et_pb_line_break_holder] --><!-- [et_pb_line_break_holder] -->    <\/div>\n<p><!-- [et_pb_line_break_holder] -->      <\/a><!-- [et_pb_line_break_holder] -->  <\/div>\n<p>[\/et_pb_code][\/et_pb_column_inner][et_pb_column_inner type=\u00a0\u00bb1_2&Prime; saved_specialty_column_type=\u00a0\u00bb2_3&Prime; _builder_version=\u00a0\u00bb3.0.47&Prime;][et_pb_code _builder_version=\u00a0\u00bb3.22.7&Prime; width=\u00a0\u00bb100%\u00a0\u00bb module_alignment=\u00a0\u00bbleft\u00a0\u00bb]<!-- [et_pb_line_break_holder] -->  <\/p>\n<div class=\"w3-card-4\" style=\"width:100%\"><!-- [et_pb_line_break_holder] -->    <a href=\"http:\/\/www.jeanlouislaville.fr\/index.php\/association-les-revues\/\"><!-- [et_pb_line_break_holder] -->    <img decoding=\"async\" src=\"http:\/\/www.jeanlouislaville.fr\/wp-content\/uploads\/2019\/09\/revues.jpg\" alt=\"les revues\" style=\"width:100%\"><!-- [et_pb_line_break_holder] -->    <\/p>\n<div class=\"w3-container\"><!-- [et_pb_line_break_holder] -->      <\/p>\n<h5 style=\"color:#fff\";><b style=\"padding-left:90px\">Les revues<\/b><\/h5>\n<p><!-- [et_pb_line_break_holder] --><!-- [et_pb_line_break_holder] -->    <\/div>\n<p><!-- [et_pb_line_break_holder] -->      <\/a><!-- [et_pb_line_break_holder] -->  <\/div>\n<p>[\/et_pb_code][\/et_pb_column_inner][\/et_pb_row_inner][et_pb_row_inner _builder_version=\u00a0\u00bb3.22.7&Prime;][et_pb_column_inner type=\u00a0\u00bb4_4&Prime; saved_specialty_column_type=\u00a0\u00bb2_3&Prime; _builder_version=\u00a0\u00bb3.0.47&Prime;][et_pb_text _builder_version=\u00a0\u00bb3.22.7&Prime; text_font=\u00a0\u00bb||||||||\u00a0\u00bb text_font_size=\u00a0\u00bb12px\u00a0\u00bb text_line_height=\u00a0\u00bb0em\u00a0\u00bb header_font=\u00a0\u00bb||||||||\u00a0\u00bb header_2_font=\u00a0\u00bb||||||||\u00a0\u00bb header_3_font=\u00a0\u00bb||||||||\u00a0\u00bb header_3_font_size=\u00a0\u00bb18px\u00a0\u00bb]<\/p>\n<h3 style=\"text-align: center;\"><strong>Partenaires Association<\/strong><\/h3>\n<p style=\"text-align: center;\"><span style=\"color: #000000;\"><a href=\"#\" style=\"color: #000000;\"> <br \/><\/a><\/span><\/p>\n<p>[\/et_pb_text][\/et_pb_column_inner][\/et_pb_row_inner][\/et_pb_column][et_pb_column type=\u00a0\u00bb1_3&Prime; _builder_version=\u00a0\u00bb3.0.47&Prime;][et_pb_code disabled_on=\u00a0\u00bbon|on|off\u00a0\u00bb _builder_version=\u00a0\u00bb3.22.7&Prime; custom_margin=\u00a0\u00bb40px|20px|50px|20px\u00a0\u00bb custom_padding=\u00a0\u00bb0px|0px|50px|0px\u00a0\u00bb]<div style=\"display:block;width:100%;float:left;overflow:hidden\">\r\n\t<a class=\"twitter-timeline\" data-dnt=\"true\"\r\n\t\thref=\"https:\/\/twitter.com\/@jlLaville\"\r\n\t\tmin-width=\"\"\r\n\t\theight=\"594\"\r\n\t\tdata-theme=\"light\"\r\n\t\tdata-lang=\"fr\"\r\n\t\tdata-cards=\"hidden\"><\/a>\r\n\r\n<\/div> \r\n<div style=\"clear: both;\"><\/div>\r\n\t[\/et_pb_code][et_pb_text disabled_on=\u00a0\u00bbon|on|off\u00a0\u00bb _builder_version=\u00a0\u00bb3.22.7&Prime; text_font=\u00a0\u00bb||||||||\u00a0\u00bb text_font_size=\u00a0\u00bb12px\u00a0\u00bb text_line_height=\u00a0\u00bb1.6em\u00a0\u00bb custom_margin=\u00a0\u00bb|20px||20px\u00a0\u00bb custom_padding=\u00a0\u00bb50px|0px|30px|0px\u00a0\u00bb]<\/p>\n<p style=\"text-align: justify;\"><strong><span style=\"color: #a6908b;\">Jean-Louis Laville<\/span><\/strong><\/p>\n<p>Jean-Louis Laville est professeur du Conservatoire National des Arts et M\u00e9tiers \u00e0 Paris (Cnam), o\u00f9 il est titulaire de la Chaire \u00ab \u00c9conomie Solidaire \u00bb. Il est \u00e9galement chercheur au Lise (Laboratoire interdisciplinaire pour la sociologie \u00e9conomique, CNRS-Cnam), \u00e0 l\u2019IFRIS (Institut Francilien Recherche Innovation Soci\u00e9t\u00e9) et au Coll\u00e8ge d\u2019\u00e9tudes mondiales \u2013 Fondation Maison des Sciences de l\u2019Homme o\u00f9 il dirige le programme d\u2019\u00e9tudes \u00ab D\u00e9mocratie et \u00e9conomie plurielles \u00bb.<br \/>Impliqu\u00e9 dans de nombreux r\u00e9seaux de recherche internationaux, il est membre du conseil d\u2019administration du Karl Polanyi Institute of Political Economy, membre fondateur du r\u00e9seau europ\u00e9en EMES (qui \u00e9tudie l\u2019\u00e9conomie solidaire, l\u2019\u00e9conomie sociale, le tiers secteur, l\u2019entreprise sociale) et du r\u00e9seau sud-am\u00e9ricain RILESS (R\u00e9seau de Chercheurs Latino-am\u00e9ricains sur l\u2019\u00c9conomie Sociale et Solidaire).<br \/>Il est r\u00e9guli\u00e8rement invit\u00e9 dans plusieurs universit\u00e9s (Barcelone, Buenos Aires, Quito, Louvain-la-Neuve, Porto Alegre, Salvador de Bahia\u2026) et est associ\u00e9 \u00e0 des laboratoires de recherche \u00e9trangers tels que le CRIDIS (Centre de Recherche Interdisciplinaire, Louvain-la-Neuve) et le CRISES (Centre de recherche sur les innovations sociales, Montr\u00e9al).<\/p>\n<p>[\/et_pb_text][\/et_pb_column][\/et_pb_section]<\/p>\n","protected":false},"excerpt":{"rendered":"<p>AssociationDans le monde entier, la tendance \u00e0 cr\u00e9er des associations n\u2019a jamais \u00e9t\u00e9 aussi forte que dans les derni\u00e8res d\u00e9cennies. Pour la France, les chiffres sont r\u00e9v\u00e9lateurs. Les associations \u00e9taient 700 000 en 1990, avec 8 millions de b\u00e9n\u00e9voles ; elles sont 1,5 million aujourd\u2019hui pour 22 millions de b\u00e9n\u00e9voles, auxquels s\u2019ajoutent 1,8 million de [&hellip;]<\/p>\n","protected":false},"author":2,"featured_media":0,"parent":0,"menu_order":0,"comment_status":"closed","ping_status":"closed","template":"","meta":{"_et_pb_use_builder":"on","_et_pb_old_content":"","_et_gb_content_width":"","footnotes":"","twitterCardType":"","cardImageID":0,"cardImage":"","cardTitle":"","cardDesc":"","cardImageAlt":"","cardPlayer":"","cardPlayerWidth":0,"cardPlayerHeight":0,"cardPlayerStream":"","cardPlayerCodec":""},"yoast_head":"<!-- This site is optimized with the Yoast SEO plugin v21.9.1 - https:\/\/yoast.com\/wordpress\/plugins\/seo\/ -->\n<title>Associations - Jean-Louis Laville<\/title>\n<meta name=\"robots\" content=\"index, follow, max-snippet:-1, max-image-preview:large, max-video-preview:-1\" \/>\n<link rel=\"canonical\" href=\"https:\/\/www.jeanlouislaville.fr\/index.php\/associations\/\" \/>\n<meta property=\"og:locale\" content=\"fr_FR\" \/>\n<meta property=\"og:type\" content=\"article\" \/>\n<meta property=\"og:title\" content=\"Associations - Jean-Louis Laville\" \/>\n<meta property=\"og:description\" content=\"AssociationDans le monde entier, la tendance \u00e0 cr\u00e9er des associations n\u2019a jamais \u00e9t\u00e9 aussi forte que dans les derni\u00e8res d\u00e9cennies. Pour la France, les chiffres sont r\u00e9v\u00e9lateurs. Les associations \u00e9taient 700 000 en 1990, avec 8 millions de b\u00e9n\u00e9voles ; elles sont 1,5 million aujourd\u2019hui pour 22 millions de b\u00e9n\u00e9voles, auxquels s\u2019ajoutent 1,8 million de [&hellip;]\" \/>\n<meta property=\"og:url\" content=\"https:\/\/www.jeanlouislaville.fr\/index.php\/associations\/\" \/>\n<meta property=\"og:site_name\" content=\"Jean-Louis Laville\" \/>\n<meta property=\"article:modified_time\" content=\"2022-09-28T08:50:26+00:00\" \/>\n<meta property=\"og:image\" content=\"http:\/\/www.jeanlouislaville.fr\/wp-content\/uploads\/2019\/09\/ouvrages.jpg\" \/>\n<meta name=\"twitter:card\" content=\"summary_large_image\" \/>\n<meta name=\"twitter:site\" content=\"@jlLaville\" \/>\n<meta name=\"twitter:label1\" content=\"Dur\u00e9e de lecture estim\u00e9e\" \/>\n\t<meta name=\"twitter:data1\" content=\"4 minutes\" \/>\n<script type=\"application\/ld+json\" class=\"yoast-schema-graph\">{\"@context\":\"https:\/\/schema.org\",\"@graph\":[{\"@type\":\"WebPage\",\"@id\":\"https:\/\/www.jeanlouislaville.fr\/index.php\/associations\/\",\"url\":\"https:\/\/www.jeanlouislaville.fr\/index.php\/associations\/\",\"name\":\"Associations - Jean-Louis Laville\",\"isPartOf\":{\"@id\":\"http:\/\/www.jeanlouislaville.fr\/#website\"},\"datePublished\":\"2019-09-12T09:20:10+00:00\",\"dateModified\":\"2022-09-28T08:50:26+00:00\",\"breadcrumb\":{\"@id\":\"https:\/\/www.jeanlouislaville.fr\/index.php\/associations\/#breadcrumb\"},\"inLanguage\":\"fr-FR\",\"potentialAction\":[{\"@type\":\"ReadAction\",\"target\":[\"https:\/\/www.jeanlouislaville.fr\/index.php\/associations\/\"]}]},{\"@type\":\"BreadcrumbList\",\"@id\":\"https:\/\/www.jeanlouislaville.fr\/index.php\/associations\/#breadcrumb\",\"itemListElement\":[{\"@type\":\"ListItem\",\"position\":1,\"name\":\"Accueil\",\"item\":\"http:\/\/www.jeanlouislaville.fr\/\"},{\"@type\":\"ListItem\",\"position\":2,\"name\":\"Associations\"}]},{\"@type\":\"WebSite\",\"@id\":\"http:\/\/www.jeanlouislaville.fr\/#website\",\"url\":\"http:\/\/www.jeanlouislaville.fr\/\",\"name\":\"Jean-Louis Laville\",\"description\":\"\u00c9conomie Sociale &amp; Solidaire\",\"publisher\":{\"@id\":\"http:\/\/www.jeanlouislaville.fr\/#organization\"},\"potentialAction\":[{\"@type\":\"SearchAction\",\"target\":{\"@type\":\"EntryPoint\",\"urlTemplate\":\"http:\/\/www.jeanlouislaville.fr\/?s={search_term_string}\"},\"query-input\":\"required name=search_term_string\"}],\"inLanguage\":\"fr-FR\"},{\"@type\":\"Organization\",\"@id\":\"http:\/\/www.jeanlouislaville.fr\/#organization\",\"name\":\"Jean-Louis Laville\",\"url\":\"http:\/\/www.jeanlouislaville.fr\/\",\"logo\":{\"@type\":\"ImageObject\",\"inLanguage\":\"fr-FR\",\"@id\":\"http:\/\/www.jeanlouislaville.fr\/#\/schema\/logo\/image\/\",\"url\":\"http:\/\/www.jeanlouislaville.fr\/wp-content\/uploads\/2019\/10\/logoResponsive.png\",\"contentUrl\":\"http:\/\/www.jeanlouislaville.fr\/wp-content\/uploads\/2019\/10\/logoResponsive.png\",\"width\":630,\"height\":93,\"caption\":\"Jean-Louis Laville\"},\"image\":{\"@id\":\"http:\/\/www.jeanlouislaville.fr\/#\/schema\/logo\/image\/\"},\"sameAs\":[\"https:\/\/twitter.com\/jlLaville\"]}]}<\/script>\n<!-- \/ Yoast SEO plugin. -->","yoast_head_json":{"title":"Associations - Jean-Louis Laville","robots":{"index":"index","follow":"follow","max-snippet":"max-snippet:-1","max-image-preview":"max-image-preview:large","max-video-preview":"max-video-preview:-1"},"canonical":"https:\/\/www.jeanlouislaville.fr\/index.php\/associations\/","og_locale":"fr_FR","og_type":"article","og_title":"Associations - Jean-Louis Laville","og_description":"AssociationDans le monde entier, la tendance \u00e0 cr\u00e9er des associations n\u2019a jamais \u00e9t\u00e9 aussi forte que dans les derni\u00e8res d\u00e9cennies. Pour la France, les chiffres sont r\u00e9v\u00e9lateurs. Les associations \u00e9taient 700 000 en 1990, avec 8 millions de b\u00e9n\u00e9voles ; elles sont 1,5 million aujourd\u2019hui pour 22 millions de b\u00e9n\u00e9voles, auxquels s\u2019ajoutent 1,8 million de [&hellip;]","og_url":"https:\/\/www.jeanlouislaville.fr\/index.php\/associations\/","og_site_name":"Jean-Louis Laville","article_modified_time":"2022-09-28T08:50:26+00:00","og_image":[{"url":"http:\/\/www.jeanlouislaville.fr\/wp-content\/uploads\/2019\/09\/ouvrages.jpg"}],"twitter_card":"summary_large_image","twitter_site":"@jlLaville","twitter_misc":{"Dur\u00e9e de lecture estim\u00e9e":"4 minutes"},"schema":{"@context":"https:\/\/schema.org","@graph":[{"@type":"WebPage","@id":"https:\/\/www.jeanlouislaville.fr\/index.php\/associations\/","url":"https:\/\/www.jeanlouislaville.fr\/index.php\/associations\/","name":"Associations - Jean-Louis Laville","isPartOf":{"@id":"http:\/\/www.jeanlouislaville.fr\/#website"},"datePublished":"2019-09-12T09:20:10+00:00","dateModified":"2022-09-28T08:50:26+00:00","breadcrumb":{"@id":"https:\/\/www.jeanlouislaville.fr\/index.php\/associations\/#breadcrumb"},"inLanguage":"fr-FR","potentialAction":[{"@type":"ReadAction","target":["https:\/\/www.jeanlouislaville.fr\/index.php\/associations\/"]}]},{"@type":"BreadcrumbList","@id":"https:\/\/www.jeanlouislaville.fr\/index.php\/associations\/#breadcrumb","itemListElement":[{"@type":"ListItem","position":1,"name":"Accueil","item":"http:\/\/www.jeanlouislaville.fr\/"},{"@type":"ListItem","position":2,"name":"Associations"}]},{"@type":"WebSite","@id":"http:\/\/www.jeanlouislaville.fr\/#website","url":"http:\/\/www.jeanlouislaville.fr\/","name":"Jean-Louis Laville","description":"\u00c9conomie Sociale &amp; Solidaire","publisher":{"@id":"http:\/\/www.jeanlouislaville.fr\/#organization"},"potentialAction":[{"@type":"SearchAction","target":{"@type":"EntryPoint","urlTemplate":"http:\/\/www.jeanlouislaville.fr\/?s={search_term_string}"},"query-input":"required name=search_term_string"}],"inLanguage":"fr-FR"},{"@type":"Organization","@id":"http:\/\/www.jeanlouislaville.fr\/#organization","name":"Jean-Louis Laville","url":"http:\/\/www.jeanlouislaville.fr\/","logo":{"@type":"ImageObject","inLanguage":"fr-FR","@id":"http:\/\/www.jeanlouislaville.fr\/#\/schema\/logo\/image\/","url":"http:\/\/www.jeanlouislaville.fr\/wp-content\/uploads\/2019\/10\/logoResponsive.png","contentUrl":"http:\/\/www.jeanlouislaville.fr\/wp-content\/uploads\/2019\/10\/logoResponsive.png","width":630,"height":93,"caption":"Jean-Louis Laville"},"image":{"@id":"http:\/\/www.jeanlouislaville.fr\/#\/schema\/logo\/image\/"},"sameAs":["https:\/\/twitter.com\/jlLaville"]}]}},"_links":{"self":[{"href":"http:\/\/www.jeanlouislaville.fr\/index.php\/wp-json\/wp\/v2\/pages\/23"}],"collection":[{"href":"http:\/\/www.jeanlouislaville.fr\/index.php\/wp-json\/wp\/v2\/pages"}],"about":[{"href":"http:\/\/www.jeanlouislaville.fr\/index.php\/wp-json\/wp\/v2\/types\/page"}],"author":[{"embeddable":true,"href":"http:\/\/www.jeanlouislaville.fr\/index.php\/wp-json\/wp\/v2\/users\/2"}],"replies":[{"embeddable":true,"href":"http:\/\/www.jeanlouislaville.fr\/index.php\/wp-json\/wp\/v2\/comments?post=23"}],"version-history":[{"count":50,"href":"http:\/\/www.jeanlouislaville.fr\/index.php\/wp-json\/wp\/v2\/pages\/23\/revisions"}],"predecessor-version":[{"id":2812,"href":"http:\/\/www.jeanlouislaville.fr\/index.php\/wp-json\/wp\/v2\/pages\/23\/revisions\/2812"}],"wp:attachment":[{"href":"http:\/\/www.jeanlouislaville.fr\/index.php\/wp-json\/wp\/v2\/media?parent=23"}],"curies":[{"name":"wp","href":"https:\/\/api.w.org\/{rel}","templated":true}]}}