{"id":1388,"date":"2019-09-25T14:26:22","date_gmt":"2019-09-25T14:26:22","guid":{"rendered":"http:\/\/www.jeanlouislaville.fr\/?page_id=1388"},"modified":"2019-10-22T15:36:03","modified_gmt":"2019-10-22T15:36:03","slug":"entreprise-sociale-les-revues","status":"publish","type":"page","link":"http:\/\/www.jeanlouislaville.fr\/index.php\/entreprise-sociale-les-revues\/","title":{"rendered":"Entreprise sociale les revues"},"content":{"rendered":"<p>[et_pb_section fb_built=\u00a0\u00bb1&Prime; specialty=\u00a0\u00bbon\u00a0\u00bb background_color_2=\u00a0\u00bb#E3DBD8&Prime; _builder_version=\u00a0\u00bb3.22.7&Prime;][et_pb_column type=\u00a0\u00bb2_3&Prime; specialty_columns=\u00a0\u00bb2&Prime; _builder_version=\u00a0\u00bb3.0.47&Prime;][et_pb_row_inner custom_padding=\u00a0\u00bb41px||4px|||\u00a0\u00bb _builder_version=\u00a0\u00bb3.22.7&Prime; custom_margin=\u00a0\u00bb-40px|||||\u00a0\u00bb][et_pb_column_inner type=\u00a0\u00bb4_4&Prime; saved_specialty_column_type=\u00a0\u00bb2_3&Prime; _builder_version=\u00a0\u00bb3.0.47&Prime;][et_pb_text _builder_version=\u00a0\u00bb3.22.7&Prime; header_font=\u00a0\u00bb||||||||\u00a0\u00bb custom_margin=\u00a0\u00bb-26px||-47px|||\u00a0\u00bb custom_padding=\u00a0\u00bb||18px|||\u00a0\u00bb]<\/p>\n<div><span style=\"color: #000000;\"><a href=\"http:\/\/www.jeanlouislaville.fr\/\" style=\"color: #000000;\">Accueil &gt; <\/a><a href=\"http:\/\/www.jeanlouislaville.fr\/index.php\/entreprise-sociale\/\" style=\"color: #000000;\">Entreprise sociale&gt; <\/a><\/span>Les revues<\/div>\n<p>[\/et_pb_text][\/et_pb_column_inner][\/et_pb_row_inner][et_pb_row_inner _builder_version=\u00a0\u00bb3.22.7&Prime; custom_margin=\u00a0\u00bb11px|||||\u00a0\u00bb][et_pb_column_inner type=\u00a0\u00bb4_4&Prime; saved_specialty_column_type=\u00a0\u00bb2_3&Prime; _builder_version=\u00a0\u00bb3.0.47&Prime;][et_pb_text _builder_version=\u00a0\u00bb3.22.7&Prime; header_font=\u00a0\u00bb||||||||\u00a0\u00bb custom_margin=\u00a0\u00bb-21px||-47px|||\u00a0\u00bb]<\/p>\n<h1><strong>Les revues<\/strong><\/h1>\n<p>[\/et_pb_text][\/et_pb_column_inner][\/et_pb_row_inner][et_pb_row_inner _builder_version=\u00a0\u00bb3.22.7&Prime;][et_pb_column_inner type=\u00a0\u00bb4_4&Prime; saved_specialty_column_type=\u00a0\u00bb2_3&Prime; _builder_version=\u00a0\u00bb3.0.47&Prime;][et_pb_blog include_categories=\u00a0\u00bb39&Prime; show_content=\u00a0\u00bbon\u00a0\u00bb show_author=\u00a0\u00bboff\u00a0\u00bb show_date=\u00a0\u00bboff\u00a0\u00bb show_categories=\u00a0\u00bboff\u00a0\u00bb show_pagination=\u00a0\u00bboff\u00a0\u00bb _builder_version=\u00a0\u00bb3.22.7&Prime; max_height=\u00a0\u00bb500px\u00a0\u00bb animation_style=\u00a0\u00bbfade\u00a0\u00bb][\/et_pb_blog][\/et_pb_column_inner][\/et_pb_row_inner][\/et_pb_column][et_pb_column type=\u00a0\u00bb1_3&Prime; _builder_version=\u00a0\u00bb3.0.47&Prime;][et_pb_code _builder_version=\u00a0\u00bb3.22.7&Prime; custom_margin=\u00a0\u00bb40px|20px|50px|20px\u00a0\u00bb custom_padding=\u00a0\u00bb0px|0px|50px|0px\u00a0\u00bb]<div style=\"display:block;width:100%;float:left;overflow:hidden\">\r\n\t<a class=\"twitter-timeline\" data-dnt=\"true\"\r\n\t\thref=\"https:\/\/twitter.com\/@jlLaville\"\r\n\t\tmin-width=\"\"\r\n\t\theight=\"594\"\r\n\t\tdata-theme=\"light\"\r\n\t\tdata-lang=\"fr\"\r\n\t\tdata-cards=\"hidden\"><\/a>\r\n\r\n<\/div> \r\n<div style=\"clear: both;\"><\/div>\r\n\t[\/et_pb_code][et_pb_text _builder_version=\u00a0\u00bb3.22.7&Prime; text_font=\u00a0\u00bb||||||||\u00a0\u00bb text_font_size=\u00a0\u00bb12px\u00a0\u00bb text_line_height=\u00a0\u00bb1.6em\u00a0\u00bb custom_margin=\u00a0\u00bb|20px||20px\u00a0\u00bb custom_padding=\u00a0\u00bb50px|0px|30px|0px\u00a0\u00bb]<\/p>\n<p style=\"text-align: justify;\"><strong><span style=\"color: #a6908b;\">Jean-Louis Laville<\/span><\/strong><\/p>\n<p>Jean-Louis Laville est professeur du Conservatoire National des Arts et M\u00e9tiers \u00e0 Paris (Cnam), o\u00f9 il est titulaire de la Chaire \u00ab\u00c9conomie Solidaire\u00bb. Il est \u00e9galement chercheur au Lise (Laboratoire interdisciplinaire pour la sociologie \u00e9conomique, CNRS-Cnam), \u00e0 l\u2019IFRIS (Institut Francilien Recherche Innovation Soci\u00e9t\u00e9) et au Coll\u00e8ge d\u2019\u00e9tudes mondiales \u2013 Fondation Maison des Sciences de l\u2019Homme o\u00f9 il dirige le programme d\u2019\u00e9tudes \u00ab D\u00e9mocratie et \u00e9conomie plurielles \u00bb.<br \/> Impliqu\u00e9 dans de nombreux r\u00e9seaux de recherche internationaux, il est membre du conseil d\u2019administration du Karl Polanyi Institute of Political Economy, membre fondateur du r\u00e9seau europ\u00e9en EMES (qui \u00e9tudie l\u2019\u00e9conomie solidaire, l\u2019\u00e9conomie sociale, et le tiers-secteur) et du r\u00e9seau sud-am\u00e9ricain RILESS (R\u00e9seau de Chercheurs Latino-am\u00e9ricains sur l\u2019\u00c9conomie Sociale et Solidaire).<br \/> Il est r\u00e9guli\u00e8rement invit\u00e9 dans plusieurs universit\u00e9s (Barcelone, Buenos Aires, Quito, Louvain-la-Neuve, Porto Alegre, Salvador de Bahia\u2026) et est associ\u00e9 \u00e0 des laboratoires de recherche \u00e9trangers tels que le CRIDIS (Centre de Recherche Interdisciplinaire, Louvain-la-Neuve) et le CRISES (Centre de Recherche Interdisciplinaire en Sciences Humaines et Sociales, Montr\u00e9al).<\/p>\n<p>[\/et_pb_text][\/et_pb_column][\/et_pb_section]<\/p>\n","protected":false},"excerpt":{"rendered":"<p>Accueil &gt; Entreprise sociale&gt; Les revuesLes revues<div style=\"display:block;width:100%;float:left;overflow:hidden\">\r\n\t<a class=\"twitter-timeline\" data-dnt=\"true\"\r\n\t\thref=\"https:\/\/twitter.com\/@jlLaville\"\r\n\t\tmin-width=\"\"\r\n\t\theight=\"594\"\r\n\t\tdata-theme=\"light\"\r\n\t\tdata-lang=\"fr\"\r\n\t\tdata-cards=\"hidden\"><\/a>\r\n\r\n<\/div> \r\n<div style=\"clear: both;\"><\/div>\r\n\tJean-Louis Laville Jean-Louis Laville est professeur du Conservatoire National des Arts et M\u00e9tiers \u00e0 Paris (Cnam), o\u00f9 il est titulaire de la Chaire \u00ab\u00c9conomie Solidaire\u00bb. Il est \u00e9galement chercheur au Lise (Laboratoire interdisciplinaire pour la sociologie \u00e9conomique, CNRS-Cnam), \u00e0 l\u2019IFRIS (Institut Francilien Recherche Innovation Soci\u00e9t\u00e9) et au Coll\u00e8ge d\u2019\u00e9tudes [&hellip;]<\/p>\n","protected":false},"author":2,"featured_media":0,"parent":0,"menu_order":0,"comment_status":"closed","ping_status":"closed","template":"","meta":{"_et_pb_use_builder":"on","_et_pb_old_content":"","_et_gb_content_width":"","footnotes":"","twitterCardType":"","cardImageID":0,"cardImage":"","cardTitle":"","cardDesc":"","cardImageAlt":"","cardPlayer":"","cardPlayerWidth":0,"cardPlayerHeight":0,"cardPlayerStream":"","cardPlayerCodec":""},"yoast_head":"<!-- This site is optimized with the Yoast SEO plugin v21.9.1 - https:\/\/yoast.com\/wordpress\/plugins\/seo\/ -->\n<title>Entreprise sociale les revues - Jean-Louis Laville<\/title>\n<meta name=\"robots\" content=\"index, follow, max-snippet:-1, max-image-preview:large, max-video-preview:-1\" \/>\n<link rel=\"canonical\" href=\"http:\/\/www.jeanlouislaville.fr\/index.php\/entreprise-sociale-les-revues\/\" \/>\n<meta property=\"og:locale\" content=\"fr_FR\" \/>\n<meta property=\"og:type\" content=\"article\" \/>\n<meta property=\"og:title\" content=\"Entreprise sociale les revues - Jean-Louis Laville\" \/>\n<meta property=\"og:description\" content=\"Accueil &gt; Entreprise sociale&gt; Les revuesLes revuesJean-Louis Laville Jean-Louis Laville est professeur du Conservatoire National des Arts et M\u00e9tiers \u00e0 Paris (Cnam), o\u00f9 il est titulaire de la Chaire \u00ab\u00c9conomie Solidaire\u00bb. Il est \u00e9galement chercheur au Lise (Laboratoire interdisciplinaire pour la sociologie \u00e9conomique, CNRS-Cnam), \u00e0 l\u2019IFRIS (Institut Francilien Recherche Innovation Soci\u00e9t\u00e9) et au Coll\u00e8ge d\u2019\u00e9tudes [&hellip;]\" \/>\n<meta property=\"og:url\" content=\"http:\/\/www.jeanlouislaville.fr\/index.php\/entreprise-sociale-les-revues\/\" \/>\n<meta property=\"og:site_name\" content=\"Jean-Louis Laville\" \/>\n<meta property=\"article:modified_time\" content=\"2019-10-22T15:36:03+00:00\" \/>\n<meta name=\"twitter:card\" content=\"summary_large_image\" \/>\n<meta name=\"twitter:site\" content=\"@jlLaville\" \/>\n<meta name=\"twitter:label1\" content=\"Dur\u00e9e de lecture estim\u00e9e\" \/>\n\t<meta name=\"twitter:data1\" content=\"2 minutes\" \/>\n<script type=\"application\/ld+json\" class=\"yoast-schema-graph\">{\"@context\":\"https:\/\/schema.org\",\"@graph\":[{\"@type\":\"WebPage\",\"@id\":\"http:\/\/www.jeanlouislaville.fr\/index.php\/entreprise-sociale-les-revues\/\",\"url\":\"http:\/\/www.jeanlouislaville.fr\/index.php\/entreprise-sociale-les-revues\/\",\"name\":\"Entreprise sociale les revues - Jean-Louis Laville\",\"isPartOf\":{\"@id\":\"http:\/\/www.jeanlouislaville.fr\/#website\"},\"datePublished\":\"2019-09-25T14:26:22+00:00\",\"dateModified\":\"2019-10-22T15:36:03+00:00\",\"breadcrumb\":{\"@id\":\"http:\/\/www.jeanlouislaville.fr\/index.php\/entreprise-sociale-les-revues\/#breadcrumb\"},\"inLanguage\":\"fr-FR\",\"potentialAction\":[{\"@type\":\"ReadAction\",\"target\":[\"http:\/\/www.jeanlouislaville.fr\/index.php\/entreprise-sociale-les-revues\/\"]}]},{\"@type\":\"BreadcrumbList\",\"@id\":\"http:\/\/www.jeanlouislaville.fr\/index.php\/entreprise-sociale-les-revues\/#breadcrumb\",\"itemListElement\":[{\"@type\":\"ListItem\",\"position\":1,\"name\":\"Accueil\",\"item\":\"http:\/\/www.jeanlouislaville.fr\/\"},{\"@type\":\"ListItem\",\"position\":2,\"name\":\"Entreprise sociale les revues\"}]},{\"@type\":\"WebSite\",\"@id\":\"http:\/\/www.jeanlouislaville.fr\/#website\",\"url\":\"http:\/\/www.jeanlouislaville.fr\/\",\"name\":\"Jean-Louis Laville\",\"description\":\"\u00c9conomie Sociale &amp; Solidaire\",\"publisher\":{\"@id\":\"http:\/\/www.jeanlouislaville.fr\/#organization\"},\"potentialAction\":[{\"@type\":\"SearchAction\",\"target\":{\"@type\":\"EntryPoint\",\"urlTemplate\":\"http:\/\/www.jeanlouislaville.fr\/?s={search_term_string}\"},\"query-input\":\"required name=search_term_string\"}],\"inLanguage\":\"fr-FR\"},{\"@type\":\"Organization\",\"@id\":\"http:\/\/www.jeanlouislaville.fr\/#organization\",\"name\":\"Jean-Louis Laville\",\"url\":\"http:\/\/www.jeanlouislaville.fr\/\",\"logo\":{\"@type\":\"ImageObject\",\"inLanguage\":\"fr-FR\",\"@id\":\"http:\/\/www.jeanlouislaville.fr\/#\/schema\/logo\/image\/\",\"url\":\"http:\/\/www.jeanlouislaville.fr\/wp-content\/uploads\/2019\/10\/logoResponsive.png\",\"contentUrl\":\"http:\/\/www.jeanlouislaville.fr\/wp-content\/uploads\/2019\/10\/logoResponsive.png\",\"width\":630,\"height\":93,\"caption\":\"Jean-Louis Laville\"},\"image\":{\"@id\":\"http:\/\/www.jeanlouislaville.fr\/#\/schema\/logo\/image\/\"},\"sameAs\":[\"https:\/\/twitter.com\/jlLaville\"]}]}<\/script>\n<!-- \/ Yoast SEO plugin. -->","yoast_head_json":{"title":"Entreprise sociale les revues - Jean-Louis Laville","robots":{"index":"index","follow":"follow","max-snippet":"max-snippet:-1","max-image-preview":"max-image-preview:large","max-video-preview":"max-video-preview:-1"},"canonical":"http:\/\/www.jeanlouislaville.fr\/index.php\/entreprise-sociale-les-revues\/","og_locale":"fr_FR","og_type":"article","og_title":"Entreprise sociale les revues - Jean-Louis Laville","og_description":"Accueil &gt; Entreprise sociale&gt; Les revuesLes revuesJean-Louis Laville Jean-Louis Laville est professeur du Conservatoire National des Arts et M\u00e9tiers \u00e0 Paris (Cnam), o\u00f9 il est titulaire de la Chaire \u00ab\u00c9conomie Solidaire\u00bb. Il est \u00e9galement chercheur au Lise (Laboratoire interdisciplinaire pour la sociologie \u00e9conomique, CNRS-Cnam), \u00e0 l\u2019IFRIS (Institut Francilien Recherche Innovation Soci\u00e9t\u00e9) et au Coll\u00e8ge d\u2019\u00e9tudes [&hellip;]","og_url":"http:\/\/www.jeanlouislaville.fr\/index.php\/entreprise-sociale-les-revues\/","og_site_name":"Jean-Louis Laville","article_modified_time":"2019-10-22T15:36:03+00:00","twitter_card":"summary_large_image","twitter_site":"@jlLaville","twitter_misc":{"Dur\u00e9e de lecture estim\u00e9e":"2 minutes"},"schema":{"@context":"https:\/\/schema.org","@graph":[{"@type":"WebPage","@id":"http:\/\/www.jeanlouislaville.fr\/index.php\/entreprise-sociale-les-revues\/","url":"http:\/\/www.jeanlouislaville.fr\/index.php\/entreprise-sociale-les-revues\/","name":"Entreprise sociale les revues - Jean-Louis Laville","isPartOf":{"@id":"http:\/\/www.jeanlouislaville.fr\/#website"},"datePublished":"2019-09-25T14:26:22+00:00","dateModified":"2019-10-22T15:36:03+00:00","breadcrumb":{"@id":"http:\/\/www.jeanlouislaville.fr\/index.php\/entreprise-sociale-les-revues\/#breadcrumb"},"inLanguage":"fr-FR","potentialAction":[{"@type":"ReadAction","target":["http:\/\/www.jeanlouislaville.fr\/index.php\/entreprise-sociale-les-revues\/"]}]},{"@type":"BreadcrumbList","@id":"http:\/\/www.jeanlouislaville.fr\/index.php\/entreprise-sociale-les-revues\/#breadcrumb","itemListElement":[{"@type":"ListItem","position":1,"name":"Accueil","item":"http:\/\/www.jeanlouislaville.fr\/"},{"@type":"ListItem","position":2,"name":"Entreprise sociale les revues"}]},{"@type":"WebSite","@id":"http:\/\/www.jeanlouislaville.fr\/#website","url":"http:\/\/www.jeanlouislaville.fr\/","name":"Jean-Louis Laville","description":"\u00c9conomie Sociale &amp; Solidaire","publisher":{"@id":"http:\/\/www.jeanlouislaville.fr\/#organization"},"potentialAction":[{"@type":"SearchAction","target":{"@type":"EntryPoint","urlTemplate":"http:\/\/www.jeanlouislaville.fr\/?s={search_term_string}"},"query-input":"required name=search_term_string"}],"inLanguage":"fr-FR"},{"@type":"Organization","@id":"http:\/\/www.jeanlouislaville.fr\/#organization","name":"Jean-Louis Laville","url":"http:\/\/www.jeanlouislaville.fr\/","logo":{"@type":"ImageObject","inLanguage":"fr-FR","@id":"http:\/\/www.jeanlouislaville.fr\/#\/schema\/logo\/image\/","url":"http:\/\/www.jeanlouislaville.fr\/wp-content\/uploads\/2019\/10\/logoResponsive.png","contentUrl":"http:\/\/www.jeanlouislaville.fr\/wp-content\/uploads\/2019\/10\/logoResponsive.png","width":630,"height":93,"caption":"Jean-Louis Laville"},"image":{"@id":"http:\/\/www.jeanlouislaville.fr\/#\/schema\/logo\/image\/"},"sameAs":["https:\/\/twitter.com\/jlLaville"]}]}},"_links":{"self":[{"href":"http:\/\/www.jeanlouislaville.fr\/index.php\/wp-json\/wp\/v2\/pages\/1388"}],"collection":[{"href":"http:\/\/www.jeanlouislaville.fr\/index.php\/wp-json\/wp\/v2\/pages"}],"about":[{"href":"http:\/\/www.jeanlouislaville.fr\/index.php\/wp-json\/wp\/v2\/types\/page"}],"author":[{"embeddable":true,"href":"http:\/\/www.jeanlouislaville.fr\/index.php\/wp-json\/wp\/v2\/users\/2"}],"replies":[{"embeddable":true,"href":"http:\/\/www.jeanlouislaville.fr\/index.php\/wp-json\/wp\/v2\/comments?post=1388"}],"version-history":[{"count":11,"href":"http:\/\/www.jeanlouislaville.fr\/index.php\/wp-json\/wp\/v2\/pages\/1388\/revisions"}],"predecessor-version":[{"id":2127,"href":"http:\/\/www.jeanlouislaville.fr\/index.php\/wp-json\/wp\/v2\/pages\/1388\/revisions\/2127"}],"wp:attachment":[{"href":"http:\/\/www.jeanlouislaville.fr\/index.php\/wp-json\/wp\/v2\/media?parent=1388"}],"curies":[{"name":"wp","href":"https:\/\/api.w.org\/{rel}","templated":true}]}}